{"id":11304,"date":"2022-12-30T09:58:29","date_gmt":"2022-12-30T09:58:29","guid":{"rendered":"https:\/\/casanovahermanos.com\/?page_id=11304"},"modified":"2024-01-03T08:49:22","modified_gmt":"2024-01-03T08:49:22","slug":"politica-de-privacidad","status":"publish","type":"page","link":"https:\/\/casanovahermanos.com\/es\/politica-de-privacidad\/","title":{"rendered":"POL\u00cdTICA DE PRIVACIDAD"},"content":{"rendered":"\t\t<div data-elementor-type=\"wp-page\" data-elementor-id=\"11304\" class=\"elementor elementor-11304\">\n\t\t\t\t\t\t<section class=\"elementor-section elementor-top-section elementor-element elementor-element-989009b elementor-section-boxed elementor-section-height-default elementor-section-height-default\" data-id=\"989009b\" data-element_type=\"section\">\n\t\t\t\t\t\t<div class=\"elementor-container elementor-column-gap-default\">\n\t\t\t\t\t<div class=\"elementor-column elementor-col-100 elementor-top-column elementor-element elementor-element-26e4f92\" data-id=\"26e4f92\" data-element_type=\"column\">\n\t\t\t<div class=\"elementor-widget-wrap elementor-element-populated\">\n\t\t\t\t\t\t<div class=\"elementor-element elementor-element-ed959a8 elementor-widget elementor-widget-heading\" data-id=\"ed959a8\" data-element_type=\"widget\" data-widget_type=\"heading.default\">\n\t\t\t\t<div class=\"elementor-widget-container\">\n\t\t\t<style>\/*! elementor - v3.21.0 - 08-05-2024 *\/\n.elementor-heading-title{padding:0;margin:0;line-height:1}.elementor-widget-heading .elementor-heading-title[class*=elementor-size-]>a{color:inherit;font-size:inherit;line-height:inherit}.elementor-widget-heading .elementor-heading-title.elementor-size-small{font-size:15px}.elementor-widget-heading .elementor-heading-title.elementor-size-medium{font-size:19px}.elementor-widget-heading .elementor-heading-title.elementor-size-large{font-size:29px}.elementor-widget-heading .elementor-heading-title.elementor-size-xl{font-size:39px}.elementor-widget-heading .elementor-heading-title.elementor-size-xxl{font-size:59px}<\/style><h1 class=\"elementor-heading-title elementor-size-default\">Pol\u00edtica de Privacidad<\/h1>\t\t<\/div>\n\t\t\t\t<\/div>\n\t\t\t\t<div class=\"elementor-element elementor-element-0e00ced elementor-widget elementor-widget-text-editor\" data-id=\"0e00ced\" data-element_type=\"widget\" data-widget_type=\"text-editor.default\">\n\t\t\t\t<div class=\"elementor-widget-container\">\n\t\t\t<style>\/*! elementor - v3.21.0 - 08-05-2024 *\/\n.elementor-widget-text-editor.elementor-drop-cap-view-stacked .elementor-drop-cap{background-color:#69727d;color:#fff}.elementor-widget-text-editor.elementor-drop-cap-view-framed .elementor-drop-cap{color:#69727d;border:3px solid;background-color:transparent}.elementor-widget-text-editor:not(.elementor-drop-cap-view-default) .elementor-drop-cap{margin-top:8px}.elementor-widget-text-editor:not(.elementor-drop-cap-view-default) .elementor-drop-cap-letter{width:1em;height:1em}.elementor-widget-text-editor .elementor-drop-cap{float:left;text-align:center;line-height:1;font-size:50px}.elementor-widget-text-editor .elementor-drop-cap-letter{display:inline-block}<\/style>\t\t\t\t<p><b>INTRODUCCI\u00d3N<\/b><\/p><p><span style=\"font-weight: 400;\">Su privacidad es importante para nosotros, as\u00ed que, mediante este documento, le explicamos qu\u00e9 datos recogemos de los usuarios, como los utilizamos y para qu\u00e9, entre otras indicaciones.\u00a0<\/span><\/p><p><span style=\"font-weight: 400;\">Para su informaci\u00f3n, nunca pediremos m\u00e1s informaci\u00f3n de la que realmente necesitaremos para los servicios requeridos; nunca la compartiremos con terceros, excepto por obligaci\u00f3n legal o con su autorizaci\u00f3n previa; y nunca utilizaremos sus datos para otra finalidad no indicada previamente.<\/span><\/p><p><span style=\"font-weight: 400;\">Como usuarios, deber\u00e1 leer atentamente esta Pol\u00edtica de privacidad de manera regular, y siempre que introduzca sus datos personales, ya que este documento puede sufrir modificaciones, ya que el prestador puede modificar cualquier tipo de informaci\u00f3n que pudiera aparecer en la web para cumplir con la normativa o actualizar la pol\u00edtica, y sin que exista la obligaci\u00f3n de preavisar o poner en conocimiento de los usuarios dichas obligaciones, siendo suficientes la publicaci\u00f3n en el sitio web del prestador.<\/span><\/p><p><span style=\"font-weight: 400;\">\u00a0<\/span><\/p><p><b>RESPONSABLE DEL TRATAMIENTO:<\/b><\/p><p>Identidad: <strong>CASANOVA HERMANOS SA<\/strong><\/p><p>NIF: <strong>A17009945\u00a0<\/strong><\/p><p>Direcci\u00f3n postal: <strong>Ctra. De Moll\u00f3, 6 (17868) &#8211; Camprodon<\/strong><\/p><p>Correo electr\u00f3nico: <strong>hola@casanovahermanos.com<\/strong><\/p><p>Delegado de Protecci\u00f3n de Datos: <strong>David Costa\u00a0<\/strong><\/p><p>Contacto DPD: <a class=\"fui-Link ___1qmgydl f3rmtva f1ewtqcl fyind8e f1k6fduh f1w7gpdv fk6fouc fjoy568 figsok6 f1hu3pq6 f11qmguv f19f4twv f1tyq0we f1g0x7ka fhxju0i f1qch9an f1cnd47f fqv5qza f1vmzxwi f1o700av f13mvf36 f1cmlufx f9n3di6 f1ids18y f1tx3yz7 f1deo86v f1eh06m1 f1iescvh ftqa4ok f2hkw1w fhgqx19 f1olyrje f1p93eir f1h8hb77 f1x7u7e9 f10aw75t fsle3fq\" title=\"mailto:david.costa@casanovahermanos.com\" href=\"mailto:david.costa@casanovahermanos.com\" target=\"_blank\" rel=\"noreferrer noopener\" aria-label=\"V\u00ednculo david.costa@casanovahermanos.com\">david.costa@casanovahermanos.com<\/a>\u00a0<\/p><p><span style=\"font-weight: 400;\">\u00a0<\/span><\/p><p><span style=\"font-weight: 400;\"><strong>CASANOVA HERMANOS SA<\/strong>, como responsable del sitio web, de conformidad con lo dispuesto en el Reglamento (UE) 2016\/679 de 27 de abril de 2016 (RGPD) relativo a la protecci\u00f3n de las personas f\u00edsicas en lo que respecta al tratamiento de datos personales ya la libre circulaci\u00f3n de estos datos y dem\u00e1s normativa vigente en materia de protecci\u00f3n de datos personales, y por la Ley 34\/2002, de 11 de julio, de Servicios de la Sociedad de la Informaci\u00f3n y del Comercio Electr\u00f3nico (LSSICE), le informa que tiene implementadas las medidas de seguridad necesarias, de \u00edndole t\u00e9cnica y organizativas, para garantizar y proteger la confidencialidad, integridad y disponibilidad de los datos introducidos.<\/span><\/p><p><span style=\"font-weight: 400;\">\u00a0<\/span><\/p><p><b>M\u00c9TODO DE OBTENCI\u00d3N DE LOS DATOS, QU\u00c9 DATOS RECABAMOS y SU FINALIDAD:<\/b><\/p><p><span style=\"font-weight: 400;\">Los datos que recogemos, la forma en que los obtenemos y la finalidad del tratamiento es la siguiente:<\/span><\/p><p><span style=\"font-weight: 400;\">1. <\/span>Registro del usuario:<\/p><p><b>Datos requeridos: <\/b><b><i>nombre, apellidos, mail, tel\u00e9fono\u2026<\/i><\/b><\/p><p><b>Finalidad: <\/b><b><i>\u00bfPor qu\u00e9 se pide registro? Comunicaciones comerciales, newsletter, etc.<\/i><\/b><\/p><p><span style=\"font-weight: 400;\">Legitimaci\u00f3n: consentimiento del usuario<\/span><\/p><p><span style=\"font-weight: 400;\">2. <\/span>Si compra <b>(productos que venda la empresa)<\/b>:<\/p><p><b>Datos requeridos: <\/b><b><i>nombre y apellidos, email, tel\u00e9fono e informaci\u00f3n sobre una tarjeta de cr\u00e9dito o de d\u00e9bito.<\/i><\/b><\/p><p><b>Finalidad: <\/b><b><i>reservar plaza, comprar producto, alquilar servicio\u2026<\/i><\/b><\/p><p><span style=\"font-weight: 400;\">Legitimaci\u00f3n: consentimiento del usuario<\/span><\/p><p><span style=\"font-weight: 400;\">Puede revocar en cualquier momento su consentimiento remitiendo un escrito con el asunto &#8220;Baja&#8221; en el mail rese\u00f1ado.<\/span><\/p><p><span style=\"font-weight: 400;\">De acuerdo con la LSSICE, <strong>CASANOVA HERMANOS SA<\/strong><\/span><span style=\"font-weight: 400;\">\u00a0no realiza pr\u00e1cticas de SPAM, por lo tanto, no env\u00eda correos comerciales por e-mail que no hayan sido previamente solicitados o autorizados por el Usuario. En consecuencia, en todas las comunicaciones que recibir\u00e1 del prestador, el usuario tiene la posibilidad de cancelar su consentimiento expreso para recibir nuestras comunicaciones.<\/span><\/p><p><span style=\"font-weight: 400;\">No trataremos sus datos personales para ning\u00fan otro fin de las descritas, excepto por obligaci\u00f3n legal o requerimiento judicial.<\/span><\/p><p><span style=\"font-weight: 400;\">No ser\u00e1 objeto de decisiones basadas en tratamientos automatizados que produzcan efectos sobre sus datos.<\/span><\/p><p><b>PLAZO DE CONSERVACI\u00d3N DE LOS DATOS:<\/b><\/p><p><span style=\"font-weight: 400;\">Sus datos se conservar\u00e1n mientras dure la relaci\u00f3n comercial con nosotros o ejerce su derecho de cancelaci\u00f3n u oposici\u00f3n, o limitaci\u00f3n al tratamiento. Sin embargo, conservaremos sus datos en los plazos legalmente previstos en las disposiciones aplicables.<\/span><\/p><p><b>DESTINATARIOS DE CESIONES O TRANSFERENCIAS:<\/b><\/p><p><b>Nombre de la empresa<\/b><span style=\"font-weight: 400;\"> no lleva a cabo ninguna cesi\u00f3n o comunicaci\u00f3n de datos ni dentro ni fuera de la UE. El prestador \u00fanicamente facilitar\u00e1 informaci\u00f3n a las fuerzas y cuerpos de seguridad bajo orden judicial o por obligaci\u00f3n de una norma legal, sin perjuicio de poder bloquear o cancelar su cuenta si puede haber indicios de la comisi\u00f3n de alg\u00fan delito por parte del usuario. La informaci\u00f3n facilitada ser\u00e1 solo la que disponga en ese momento el prestador.<\/span><\/p><p><span style=\"font-weight: 400;\">La informaci\u00f3n que nos proporcione a trav\u00e9s de este sitio web ser\u00e1 alojada <\/span><b>(hosting y propiedad\/gesti\u00f3n del hosting)<\/b><span style=\"font-weight: 400;\"> siendo encargada del tratamiento y que presta dicho servicio de gesti\u00f3n del software a <strong>CASANOVA HERMANOS SA<\/strong><\/span><span style=\"font-weight: 400;\">\u00a0.\u00a0 El tratamiento de los datos de la entidad se encuentra regulado mediante un contrato de encargado del tratamiento entre el prestador y esta empresa.\u00a0<\/span><\/p><p><span style=\"font-weight: 400;\">\u00a0\u00a0<\/span><\/p><p><b>DERECHOS DE LAS PERSONAS INTERESADAS:<\/b><\/p><p><span style=\"font-weight: 400;\">Como usuario-interesado, puede solicitar el ejercicio de los siguientes derechos ante <strong>CASANOVA HERMANOS SA<\/strong><\/span><span style=\"font-weight: 400;\">\u00a0presentando un escrito a la direcci\u00f3n postal del encabezamiento o enviando un correo electr\u00f3nico a correo@empresa.com, indicando como Asunto: &#8220;PROTECCI\u00d3N DE DATOS: DERECHOS DE LOS AFECTADOS\u201d.<\/span><\/p><p><span style=\"font-weight: 400;\">Derechos:<\/span><\/p><ul><li style=\"font-weight: 400;\" aria-level=\"1\"><span style=\"font-weight: 400;\">Derecho de acceso: permite al interesado conocer y obtener informaci\u00f3n sobre sus datos de car\u00e1cter personal sometidos a tratamiento.<\/span><\/li><li style=\"font-weight: 400;\" aria-level=\"1\"><span style=\"font-weight: 400;\">Derecho de rectificaci\u00f3n o supresi\u00f3n: permite corregir errores y modificar los datos que resulten ser inexactos o incompletos<\/span><\/li><li style=\"font-weight: 400;\" aria-level=\"1\"><span style=\"font-weight: 400;\">Derecho de cancelaci\u00f3n: permite que se supriman los datos que sean inadecuados o excesivos<\/span><\/li><li style=\"font-weight: 400;\" aria-level=\"1\"><span style=\"font-weight: 400;\">Derecho de oposici\u00f3n: derecho del interesado a que no se lleve a cabo el tratamiento de sus datos de car\u00e1cter personal o se cese en el mismo.\u00a0<\/span><\/li><li style=\"font-weight: 400;\" aria-level=\"1\"><span style=\"font-weight: 400;\">Limitaci\u00f3n del tratamiento: conlleva el marcado de los datos personales conservados, con el fin de limitar su futuro tratamiento, para el ejercicio o la defensa de reclamaciones.<\/span><\/li><li style=\"font-weight: 400;\" aria-level=\"1\"><span style=\"font-weight: 400;\">Portabilidad de los datos: facilitaci\u00f3n de los datos objeto de tratamiento al interesado, para que \u00e9ste pueda transmitir a otro responsable, sin impedimentos.<\/span><\/li><li style=\"font-weight: 400;\" aria-level=\"1\"><span style=\"font-weight: 400;\">Derecho a no ser objeto de decisiones individuales automatizadas (incluida la elaboraci\u00f3n de perfiles): derecho a no ser objeto de una decisi\u00f3n basada en el tratamiento automatizado que produzca efectos o afecte significativamente<\/span><\/li><\/ul><p><span style=\"font-weight: 400;\">Como usuario, tiene derecho a retirar el consentimiento dado en cualquier momento. La retirada del consentimiento no afectar\u00e1 a la licitud del tratamiento efectuado antes de la retirada del consentimiento.<\/span><\/p><p><span style=\"font-weight: 400;\">Tambi\u00e9n tiene derecho a presentar una reclamaci\u00f3n ante la autoridad de control si considera que pueden haberse visto vulnerados sus derechos con relaci\u00f3n a la protecci\u00f3n de sus datos (aepd.es).<\/span><\/p><p><span style=\"font-weight: 400;\">\u00a0<\/span><span style=\"font-weight: 400;\">\u00a0<\/span><\/p><p><b>INFORMACI\u00d3N ADICIONAL<\/b><\/p><p><span style=\"font-weight: 400;\">MEDIDAS DE SEGURIDAD:<\/span><\/p><p><span style=\"font-weight: 400;\">Los datos que nos facilite se tratar\u00e1n de forma confidencial. El prestador ha adoptado todas las medidas t\u00e9cnicas y organizativas y todos los niveles de protecci\u00f3n necesarios para garantizar la seguridad en el tratamiento de los datos y evitar su alteraci\u00f3n, p\u00e9rdida, robo, tratamiento o acceso no autorizado, de acuerdo al estado de la tecnolog\u00eda y naturaleza de los datos almacenados. Asimismo, se garantiza tambi\u00e9n que el tratamiento y registro en ficheros, programas, sistemas o equipos, locales y centros cumplen con los requisitos y condiciones de integridad y seguridad establecidas en la normativa vigente.<\/span><\/p><p><span style=\"font-weight: 400;\">IDIOMA<\/span><\/p><p><span style=\"font-weight: 400;\">El idioma aplicable a esta pol\u00edtica de privacidad es el castellano. Por tanto, en caso de que hubiera alguna contradicci\u00f3n en alguna de las versiones facilitadas en otros idiomas, prevalecer\u00e1 la versi\u00f3n en castellano.<\/span><\/p><p><span style=\"font-weight: 400;\">CAMBIOS EN LA PRESENTE POL\u00cdTICA DE PRIVACIDAD<\/span><\/p><p><span style=\"font-weight: 400;\"><strong>CASANOVA HERMANOS SA<\/strong> se reserva el derecho a modificar la presente pol\u00edtica para adaptarla a novedades legislativas o jurisprudenciales.<\/span><\/p><p><span style=\"font-weight: 400;\">REVOCABILIDAD<\/span><\/p><p><span style=\"font-weight: 400;\">El consentimiento prestado, tanto por el tratamiento como para la cesi\u00f3n de los datos de los interesados, es revocable en cualquier momento, comunic\u00e1ndolo a <strong>CASANOVA HERMANOS SA<\/strong><\/span><span style=\"font-weight: 400;\">\u00a0en los t\u00e9rminos establecidos en esta Pol\u00edtica para el ejercicio de los derechos. Esta revocaci\u00f3n en ning\u00fan caso tendr\u00e1 car\u00e1cter retroactivo.<\/span><\/p><p><span style=\"font-weight: 400;\">LEGISLACI\u00d3N<\/span><\/p><p><span style=\"font-weight: 400;\">Con car\u00e1cter general, las relaciones entre <strong>CASANOVA HERMANOS SA<\/strong><\/span><span style=\"font-weight: 400;\">\u00a0con los Usuarios de sus servicios telem\u00e1ticos, presentes en esta web, est\u00e1n sometidos a la legislaci\u00f3n y jurisdicci\u00f3n espa\u00f1ola a la que se someten expresamente las partes, siendo competentes para la resoluci\u00f3n de todos los conflictos derivados o relacionados con su uso los Juzgados y Tribunales de Barcelona.<\/span><\/p>\t\t\t\t\t\t<\/div>\n\t\t\t\t<\/div>\n\t\t\t\t\t<\/div>\n\t\t<\/div>\n\t\t\t\t\t<\/div>\n\t\t<\/section>\n\t\t\t\t<\/div>\n\t\t","protected":false},"excerpt":{"rendered":"<p>Pol\u00edtica de Privacidad INTRODUCCI\u00d3N Su privacidad es importante para nosotros, as\u00ed que, mediante este documento, le explicamos qu\u00e9 datos recogemos de los usuarios, como los utilizamos y para qu\u00e9, entre otras indicaciones.\u00a0 Para su informaci\u00f3n, nunca pediremos m\u00e1s informaci\u00f3n de la que realmente necesitaremos para los servicios requeridos; nunca la compartiremos con terceros, excepto por [&hellip;]<\/p>\n","protected":false},"author":1,"featured_media":0,"parent":0,"menu_order":0,"comment_status":"closed","ping_status":"closed","template":"template-home.php","meta":{"footnotes":""},"class_list":["post-11304","page","type-page","status-publish","hentry"],"yoast_head":"<!-- This site is optimized with the Yoast SEO plugin v22.6 - https:\/\/yoast.com\/wordpress\/plugins\/seo\/ -->\n<title>Casanova Hermanos - Nuestra Pol\u00edtica de privacidad<\/title>\n<meta name=\"description\" content=\"Casanova Hermanos - Nuestra P\u00e0gina de Pol\u00edtica de privacidad\" \/>\n<meta name=\"robots\" content=\"noindex, nofollow\" \/>\n<meta property=\"og:locale\" content=\"es_ES\" \/>\n<meta property=\"og:type\" content=\"article\" \/>\n<meta property=\"og:title\" content=\"Casanova Hermanos - Nuestra Pol\u00edtica de privacidad\" \/>\n<meta property=\"og:description\" content=\"Casanova Hermanos - Nuestra P\u00e0gina de Pol\u00edtica de privacidad\" \/>\n<meta property=\"og:url\" content=\"https:\/\/casanovahermanos.com\/es\/politica-de-privacidad\/\" \/>\n<meta property=\"og:site_name\" content=\"Casanova Hermanos\" \/>\n<meta property=\"article:modified_time\" content=\"2024-01-03T08:49:22+00:00\" \/>\n<meta name=\"twitter:card\" content=\"summary_large_image\" \/>\n<meta name=\"twitter:label1\" content=\"Tiempo de lectura\" \/>\n\t<meta name=\"twitter:data1\" content=\"7 minutos\" \/>\n<script type=\"application\/ld+json\" class=\"yoast-schema-graph\">{\"@context\":\"https:\/\/schema.org\",\"@graph\":[{\"@type\":\"WebPage\",\"@id\":\"https:\/\/casanovahermanos.com\/es\/politica-de-privacidad\/\",\"url\":\"https:\/\/casanovahermanos.com\/es\/politica-de-privacidad\/\",\"name\":\"Casanova Hermanos - Nuestra Pol\u00edtica de privacidad\",\"isPartOf\":{\"@id\":\"https:\/\/casanovahermanos.com\/es\/#website\"},\"datePublished\":\"2022-12-30T09:58:29+00:00\",\"dateModified\":\"2024-01-03T08:49:22+00:00\",\"description\":\"Casanova Hermanos - Nuestra P\u00e0gina de Pol\u00edtica de privacidad\",\"breadcrumb\":{\"@id\":\"https:\/\/casanovahermanos.com\/es\/politica-de-privacidad\/#breadcrumb\"},\"inLanguage\":\"es\",\"potentialAction\":[{\"@type\":\"ReadAction\",\"target\":[\"https:\/\/casanovahermanos.com\/es\/politica-de-privacidad\/\"]}]},{\"@type\":\"BreadcrumbList\",\"@id\":\"https:\/\/casanovahermanos.com\/es\/politica-de-privacidad\/#breadcrumb\",\"itemListElement\":[{\"@type\":\"ListItem\",\"position\":1,\"name\":\"Portada\",\"item\":\"https:\/\/casanovahermanos.com\/es\/\"},{\"@type\":\"ListItem\",\"position\":2,\"name\":\"POL\u00cdTICA DE PRIVACIDAD\"}]},{\"@type\":\"WebSite\",\"@id\":\"https:\/\/casanovahermanos.com\/es\/#website\",\"url\":\"https:\/\/casanovahermanos.com\/es\/\",\"name\":\"Casanova Hermanos\",\"description\":\"Embotits tradicionals de la Vall de Camprodon\",\"potentialAction\":[{\"@type\":\"SearchAction\",\"target\":{\"@type\":\"EntryPoint\",\"urlTemplate\":\"https:\/\/casanovahermanos.com\/es\/?s={search_term_string}\"},\"query-input\":\"required name=search_term_string\"}],\"inLanguage\":\"es\"}]}<\/script>\n<!-- \/ Yoast SEO plugin. -->","yoast_head_json":{"title":"Casanova Hermanos - Nuestra Pol\u00edtica de privacidad","description":"Casanova Hermanos - Nuestra P\u00e0gina de Pol\u00edtica de privacidad","robots":{"index":"noindex","follow":"nofollow"},"og_locale":"es_ES","og_type":"article","og_title":"Casanova Hermanos - Nuestra Pol\u00edtica de privacidad","og_description":"Casanova Hermanos - Nuestra P\u00e0gina de Pol\u00edtica de privacidad","og_url":"https:\/\/casanovahermanos.com\/es\/politica-de-privacidad\/","og_site_name":"Casanova Hermanos","article_modified_time":"2024-01-03T08:49:22+00:00","twitter_card":"summary_large_image","twitter_misc":{"Tiempo de lectura":"7 minutos"},"schema":{"@context":"https:\/\/schema.org","@graph":[{"@type":"WebPage","@id":"https:\/\/casanovahermanos.com\/es\/politica-de-privacidad\/","url":"https:\/\/casanovahermanos.com\/es\/politica-de-privacidad\/","name":"Casanova Hermanos - Nuestra Pol\u00edtica de privacidad","isPartOf":{"@id":"https:\/\/casanovahermanos.com\/es\/#website"},"datePublished":"2022-12-30T09:58:29+00:00","dateModified":"2024-01-03T08:49:22+00:00","description":"Casanova Hermanos - Nuestra P\u00e0gina de Pol\u00edtica de privacidad","breadcrumb":{"@id":"https:\/\/casanovahermanos.com\/es\/politica-de-privacidad\/#breadcrumb"},"inLanguage":"es","potentialAction":[{"@type":"ReadAction","target":["https:\/\/casanovahermanos.com\/es\/politica-de-privacidad\/"]}]},{"@type":"BreadcrumbList","@id":"https:\/\/casanovahermanos.com\/es\/politica-de-privacidad\/#breadcrumb","itemListElement":[{"@type":"ListItem","position":1,"name":"Portada","item":"https:\/\/casanovahermanos.com\/es\/"},{"@type":"ListItem","position":2,"name":"POL\u00cdTICA DE PRIVACIDAD"}]},{"@type":"WebSite","@id":"https:\/\/casanovahermanos.com\/es\/#website","url":"https:\/\/casanovahermanos.com\/es\/","name":"Casanova Hermanos","description":"Embotits tradicionals de la Vall de Camprodon","potentialAction":[{"@type":"SearchAction","target":{"@type":"EntryPoint","urlTemplate":"https:\/\/casanovahermanos.com\/es\/?s={search_term_string}"},"query-input":"required name=search_term_string"}],"inLanguage":"es"}]}},"_links":{"self":[{"href":"https:\/\/casanovahermanos.com\/es\/wp-json\/wp\/v2\/pages\/11304","targetHints":{"allow":["GET"]}}],"collection":[{"href":"https:\/\/casanovahermanos.com\/es\/wp-json\/wp\/v2\/pages"}],"about":[{"href":"https:\/\/casanovahermanos.com\/es\/wp-json\/wp\/v2\/types\/page"}],"author":[{"embeddable":true,"href":"https:\/\/casanovahermanos.com\/es\/wp-json\/wp\/v2\/users\/1"}],"replies":[{"embeddable":true,"href":"https:\/\/casanovahermanos.com\/es\/wp-json\/wp\/v2\/comments?post=11304"}],"version-history":[{"count":13,"href":"https:\/\/casanovahermanos.com\/es\/wp-json\/wp\/v2\/pages\/11304\/revisions"}],"predecessor-version":[{"id":12082,"href":"https:\/\/casanovahermanos.com\/es\/wp-json\/wp\/v2\/pages\/11304\/revisions\/12082"}],"wp:attachment":[{"href":"https:\/\/casanovahermanos.com\/es\/wp-json\/wp\/v2\/media?parent=11304"}],"curies":[{"name":"wp","href":"https:\/\/api.w.org\/{rel}","templated":true}]}}