{"id":12219,"date":"2024-02-12T18:01:37","date_gmt":"2024-02-12T18:01:37","guid":{"rendered":"https:\/\/casanovahermanos.com\/?page_id=12219"},"modified":"2024-02-19T11:10:23","modified_gmt":"2024-02-19T11:10:23","slug":"productos","status":"publish","type":"page","link":"https:\/\/casanovahermanos.com\/ca\/productos\/","title":{"rendered":"Productos"},"content":{"rendered":"<h1>Sabor de calidad<\/h1>\n<h1>Nuestros productos<\/h1>\n<h1>Sabor tradicional<\/h1>\n<p>Somos especialistas en productos cocidos y curados, manteniendo la tradici\u00f3n familiar y al mismo tiempo actualizando cada uno de ellos a las nuevas demandas.<br \/>\nNos adaptamos a las necesidades, respetando tambi\u00e9n intolerancias y finalidad de nuestros productos, conservando siempre la autenticidad en cada bocado.<\/p>\n<h3 style=\"text-align: center;\">Fuet de Camprodon<\/h3>\n<p><img fetchpriority=\"high\" decoding=\"async\" class=\"aligncenter\" src=\"https:\/\/casanovahermanos.com\/wp-content\/uploads\/2022\/12\/FuetCamprojpg-370x450.jpg\" alt=\"Embutidos Casanova Hermanos - Fuet\" width=\"370\" height=\"450\" \/><\/p>\n<h3 style=\"text-align: center;\">Jam\u00f3n cocido tradicional<\/h3>\n<h3 style=\"text-align: center;\"><img decoding=\"async\" class=\"aligncenter\" src=\"https:\/\/casanovahermanos.com\/wp-content\/uploads\/2022\/12\/Artesa-370x450.jpeg\" alt=\"Jam\u00f3n de York\" width=\"370\" height=\"450\" \/><\/h3>\n<h3 style=\"text-align: center;\"><!-- title -->Chorizo \u201cRosario\u201d<\/h3>\n<p><img decoding=\"async\" class=\"aligncenter\" src=\"https:\/\/casanovahermanos.com\/wp-content\/uploads\/2022\/12\/rosari-370x450.jpg\" alt=\"Chorizo rojo\" width=\"370\" height=\"450\" \/><\/p>\n<h3 style=\"text-align: center;\">Llonganissa de pag\u00e8s<\/h3>\n<h3 style=\"text-align: center;\"><img loading=\"lazy\" decoding=\"async\" class=\"aligncenter\" src=\"https:\/\/casanovahermanos.com\/wp-content\/uploads\/2022\/12\/LlongaPages-370x450.jpg\" alt=\"Embutidos Casanova Hermanos\" width=\"370\" height=\"450\" \/><\/h3>\n<h3 style=\"text-align: center;\"><!-- title -->Bacon natural<\/h3>\n<h3 style=\"text-align: center;\"><img loading=\"lazy\" decoding=\"async\" class=\"alignnone  wp-image-12159\" src=\"https:\/\/casanovahermanos.com\/wp-content\/uploads\/2024\/02\/Baco-natural-200x300.jpg\" alt=\"Bac\u00f3 natural\" width=\"362\" height=\"543\" srcset=\"https:\/\/casanovahermanos.com\/wp-content\/uploads\/2024\/02\/Baco-natural-200x300.jpg 200w, https:\/\/casanovahermanos.com\/wp-content\/uploads\/2024\/02\/Baco-natural-683x1024.jpg 683w, https:\/\/casanovahermanos.com\/wp-content\/uploads\/2024\/02\/Baco-natural-768x1152.jpg 768w, https:\/\/casanovahermanos.com\/wp-content\/uploads\/2024\/02\/Baco-natural-1024x1536.jpg 1024w, https:\/\/casanovahermanos.com\/wp-content\/uploads\/2024\/02\/Baco-natural.jpg 1280w\" sizes=\"(max-width: 362px) 100vw, 362px\" \/><\/h3>\n<h3 style=\"text-align: center;\">Fiambre<\/h3>\n<p style=\"text-align: center;\"><img loading=\"lazy\" decoding=\"async\" class=\"alignnone  wp-image-12153\" src=\"https:\/\/casanovahermanos.com\/wp-content\/uploads\/2024\/02\/Fiambre-sandwich-300x200.jpg\" alt=\"Fiambre\" width=\"377\" height=\"251\" srcset=\"https:\/\/casanovahermanos.com\/wp-content\/uploads\/2024\/02\/Fiambre-sandwich-300x200.jpg 300w, https:\/\/casanovahermanos.com\/wp-content\/uploads\/2024\/02\/Fiambre-sandwich-1024x683.jpg 1024w, https:\/\/casanovahermanos.com\/wp-content\/uploads\/2024\/02\/Fiambre-sandwich-768x512.jpg 768w, https:\/\/casanovahermanos.com\/wp-content\/uploads\/2024\/02\/Fiambre-sandwich-1536x1024.jpg 1536w, https:\/\/casanovahermanos.com\/wp-content\/uploads\/2024\/02\/Fiambre-sandwich.jpg 1920w\" sizes=\"(max-width: 377px) 100vw, 377px\" \/><\/p>\n<h3 style=\"text-align: center;\">Paleta cocida<\/h3>\n<h3 style=\"text-align: center;\"><img loading=\"lazy\" decoding=\"async\" class=\"alignnone  wp-image-12150\" style=\"font-size: revert; color: initial;\" src=\"https:\/\/casanovahermanos.com\/wp-content\/uploads\/2024\/02\/Espatlla-cuita-300x200.jpg\" alt=\"ESPATLLA CUITA\" width=\"350\" height=\"233\" srcset=\"https:\/\/casanovahermanos.com\/wp-content\/uploads\/2024\/02\/Espatlla-cuita-300x200.jpg 300w, https:\/\/casanovahermanos.com\/wp-content\/uploads\/2024\/02\/Espatlla-cuita-1024x683.jpg 1024w, https:\/\/casanovahermanos.com\/wp-content\/uploads\/2024\/02\/Espatlla-cuita-768x512.jpg 768w, https:\/\/casanovahermanos.com\/wp-content\/uploads\/2024\/02\/Espatlla-cuita-1536x1024.jpg 1536w, https:\/\/casanovahermanos.com\/wp-content\/uploads\/2024\/02\/Espatlla-cuita.jpg 1920w\" sizes=\"(max-width: 350px) 100vw, 350px\" \/><\/h3>\n<h3 style=\"text-align: center;\">Bacon molde<\/h3>\n<p><img loading=\"lazy\" decoding=\"async\" class=\" wp-image-12156 aligncenter\" src=\"https:\/\/casanovahermanos.com\/wp-content\/uploads\/2024\/02\/Baco-motllo-300x200.jpg\" alt=\"Bac\u00f3 emmotllat\" width=\"392\" height=\"261\" srcset=\"https:\/\/casanovahermanos.com\/wp-content\/uploads\/2024\/02\/Baco-motllo-300x200.jpg 300w, https:\/\/casanovahermanos.com\/wp-content\/uploads\/2024\/02\/Baco-motllo-1024x683.jpg 1024w, https:\/\/casanovahermanos.com\/wp-content\/uploads\/2024\/02\/Baco-motllo-768x512.jpg 768w, https:\/\/casanovahermanos.com\/wp-content\/uploads\/2024\/02\/Baco-motllo-1536x1024.jpg 1536w, https:\/\/casanovahermanos.com\/wp-content\/uploads\/2024\/02\/Baco-motllo.jpg 1920w\" sizes=\"(max-width: 392px) 100vw, 392px\" \/><\/p>\n<h3 style=\"text-align: center;\">Lomo curado<\/h3>\n<p><img loading=\"lazy\" decoding=\"async\" class=\" wp-image-12119 aligncenter\" src=\"https:\/\/casanovahermanos.com\/wp-content\/uploads\/2024\/02\/Llom-300x200.jpg\" alt=\"LLOM CURAT\" width=\"368\" height=\"245\" srcset=\"https:\/\/casanovahermanos.com\/wp-content\/uploads\/2024\/02\/Llom-300x200.jpg 300w, https:\/\/casanovahermanos.com\/wp-content\/uploads\/2024\/02\/Llom-1024x683.jpg 1024w, https:\/\/casanovahermanos.com\/wp-content\/uploads\/2024\/02\/Llom-768x512.jpg 768w, https:\/\/casanovahermanos.com\/wp-content\/uploads\/2024\/02\/Llom-1536x1024.jpg 1536w, https:\/\/casanovahermanos.com\/wp-content\/uploads\/2024\/02\/Llom.jpg 1920w\" sizes=\"(max-width: 368px) 100vw, 368px\" \/><\/p>\n<h3 style=\"text-align: center;\">Cabecero de lomo curado<\/h3>\n<p><img loading=\"lazy\" decoding=\"async\" class=\" wp-image-12116 aligncenter\" src=\"https:\/\/casanovahermanos.com\/wp-content\/uploads\/2024\/02\/Cap-de-llom-300x200.jpg\" alt=\"LLOM DEL COLL\" width=\"377\" height=\"251\" srcset=\"https:\/\/casanovahermanos.com\/wp-content\/uploads\/2024\/02\/Cap-de-llom-300x200.jpg 300w, https:\/\/casanovahermanos.com\/wp-content\/uploads\/2024\/02\/Cap-de-llom-1024x683.jpg 1024w, https:\/\/casanovahermanos.com\/wp-content\/uploads\/2024\/02\/Cap-de-llom-768x512.jpg 768w, https:\/\/casanovahermanos.com\/wp-content\/uploads\/2024\/02\/Cap-de-llom-1536x1024.jpg 1536w, https:\/\/casanovahermanos.com\/wp-content\/uploads\/2024\/02\/Cap-de-llom.jpg 1920w\" sizes=\"(max-width: 377px) 100vw, 377px\" \/><\/p>\n<h3 style=\"text-align: center;\">Chorizo colonial<\/h3>\n<p><img loading=\"lazy\" decoding=\"async\" class=\"size-medium wp-image-12134 aligncenter\" src=\"https:\/\/casanovahermanos.com\/wp-content\/uploads\/2024\/02\/Xoric-colonial-300x200.jpg\" alt=\"XORI\u00c7 COLONIAL\" width=\"300\" height=\"200\" srcset=\"https:\/\/casanovahermanos.com\/wp-content\/uploads\/2024\/02\/Xoric-colonial-300x200.jpg 300w, https:\/\/casanovahermanos.com\/wp-content\/uploads\/2024\/02\/Xoric-colonial-1024x683.jpg 1024w, https:\/\/casanovahermanos.com\/wp-content\/uploads\/2024\/02\/Xoric-colonial-768x512.jpg 768w, https:\/\/casanovahermanos.com\/wp-content\/uploads\/2024\/02\/Xoric-colonial-1536x1024.jpg 1536w, https:\/\/casanovahermanos.com\/wp-content\/uploads\/2024\/02\/Xoric-colonial.jpg 1920w\" sizes=\"(max-width: 300px) 100vw, 300px\" \/><\/p>\n<h3 style=\"text-align: center;\">Salchich\u00f3n casero<\/h3>\n<p><img loading=\"lazy\" decoding=\"async\" class=\"size-medium wp-image-12128 aligncenter\" src=\"https:\/\/casanovahermanos.com\/wp-content\/uploads\/2024\/02\/Salchichon-casero-300x200.jpg\" alt=\"SALCHICHON CASOL\u00c0\" width=\"300\" height=\"200\" srcset=\"https:\/\/casanovahermanos.com\/wp-content\/uploads\/2024\/02\/Salchichon-casero-300x200.jpg 300w, https:\/\/casanovahermanos.com\/wp-content\/uploads\/2024\/02\/Salchichon-casero-1024x683.jpg 1024w, https:\/\/casanovahermanos.com\/wp-content\/uploads\/2024\/02\/Salchichon-casero-768x512.jpg 768w, https:\/\/casanovahermanos.com\/wp-content\/uploads\/2024\/02\/Salchichon-casero-1536x1024.jpg 1536w, https:\/\/casanovahermanos.com\/wp-content\/uploads\/2024\/02\/Salchichon-casero.jpg 1920w\" sizes=\"(max-width: 300px) 100vw, 300px\" \/><\/p>\n<h3 style=\"text-align: center;\">Salchich\u00f3n supremo<\/h3>\n<p><img loading=\"lazy\" decoding=\"async\" class=\"size-medium wp-image-12131 aligncenter\" src=\"https:\/\/casanovahermanos.com\/wp-content\/uploads\/2024\/02\/Salchichon-supremo-1-300x200.jpg\" alt=\"SALCHICHON SUPREM\" width=\"300\" height=\"200\" srcset=\"https:\/\/casanovahermanos.com\/wp-content\/uploads\/2024\/02\/Salchichon-supremo-1-300x200.jpg 300w, https:\/\/casanovahermanos.com\/wp-content\/uploads\/2024\/02\/Salchichon-supremo-1-1024x683.jpg 1024w, https:\/\/casanovahermanos.com\/wp-content\/uploads\/2024\/02\/Salchichon-supremo-1-768x512.jpg 768w, https:\/\/casanovahermanos.com\/wp-content\/uploads\/2024\/02\/Salchichon-supremo-1-1536x1024.jpg 1536w, https:\/\/casanovahermanos.com\/wp-content\/uploads\/2024\/02\/Salchichon-supremo-1.jpg 1920w\" sizes=\"(max-width: 300px) 100vw, 300px\" \/><\/p>\n<h3 style=\"text-align: center;\">Panceta curada con pimienta<\/h3>\n<p><img loading=\"lazy\" decoding=\"async\" class=\"size-medium wp-image-12122 aligncenter\" src=\"https:\/\/casanovahermanos.com\/wp-content\/uploads\/2024\/02\/Panxeta-curada-pebre-300x200.jpg\" alt=\"PANXETA CURADA AMB PEBRE\" width=\"300\" height=\"200\" srcset=\"https:\/\/casanovahermanos.com\/wp-content\/uploads\/2024\/02\/Panxeta-curada-pebre-300x200.jpg 300w, https:\/\/casanovahermanos.com\/wp-content\/uploads\/2024\/02\/Panxeta-curada-pebre-1024x683.jpg 1024w, https:\/\/casanovahermanos.com\/wp-content\/uploads\/2024\/02\/Panxeta-curada-pebre-768x512.jpg 768w, https:\/\/casanovahermanos.com\/wp-content\/uploads\/2024\/02\/Panxeta-curada-pebre-1536x1024.jpg 1536w, https:\/\/casanovahermanos.com\/wp-content\/uploads\/2024\/02\/Panxeta-curada-pebre.jpg 1920w\" sizes=\"(max-width: 300px) 100vw, 300px\" \/><\/p>\n<h3 style=\"text-align: center;\"><\/h3>\n","protected":false},"excerpt":{"rendered":"<p>Sabor de calidad Nuestros productos Sabor tradicional Somos especialistas en productos cocidos y curados, manteniendo la tradici\u00f3n familiar y al mismo tiempo actualizando cada uno de ellos a las nuevas demandas. Nos adaptamos a las necesidades, respetando tambi\u00e9n intolerancias y finalidad de nuestros productos, conservando siempre la autenticidad en cada bocado. Fuet de Camprodon Jam\u00f3n [&hellip;]<\/p>\n","protected":false},"author":1,"featured_media":0,"parent":0,"menu_order":0,"comment_status":"closed","ping_status":"closed","template":"template-home.php","meta":{"footnotes":""},"class_list":["post-12219","page","type-page","status-publish","hentry"],"yoast_head":"<!-- This site is optimized with the Yoast SEO plugin v22.6 - https:\/\/yoast.com\/wordpress\/plugins\/seo\/ -->\n<title>Embotits a l&#039;engr\u00f2s. F\u00e0brica d&#039;embotits tradicional.<\/title>\n<meta name=\"description\" content=\"Embotits a l&#039;engr\u00f2s. F\u00e0brica embotits tradicional. Descobreix un m\u00f3n de sabors aut\u00e8ntics.\" \/>\n<meta name=\"robots\" content=\"index, follow, max-snippet:-1, max-image-preview:large, max-video-preview:-1\" \/>\n<link rel=\"canonical\" href=\"https:\/\/casanovahermanos.com\/ca\/productos\/\" \/>\n<meta property=\"og:locale\" content=\"ca_ES\" \/>\n<meta property=\"og:type\" content=\"article\" \/>\n<meta property=\"og:title\" content=\"Embotits a l&#039;engr\u00f2s. F\u00e0brica d&#039;embotits tradicional.\" \/>\n<meta property=\"og:description\" content=\"Embotits a l&#039;engr\u00f2s. F\u00e0brica embotits tradicional. Descobreix un m\u00f3n de sabors aut\u00e8ntics.\" \/>\n<meta property=\"og:url\" content=\"https:\/\/casanovahermanos.com\/ca\/productos\/\" \/>\n<meta property=\"og:site_name\" content=\"Casanova Hermanos\" \/>\n<meta property=\"article:modified_time\" content=\"2024-02-19T11:10:23+00:00\" \/>\n<meta property=\"og:image\" content=\"https:\/\/casanovahermanos.com\/wp-content\/uploads\/2022\/12\/FuetCamprojpg-370x450.jpg\" \/>\n<meta name=\"twitter:card\" content=\"summary_large_image\" \/>\n<meta name=\"twitter:label1\" content=\"Temps estimat de lectura\" \/>\n\t<meta name=\"twitter:data1\" content=\"4 minuts\" \/>\n<script type=\"application\/ld+json\" class=\"yoast-schema-graph\">{\"@context\":\"https:\/\/schema.org\",\"@graph\":[{\"@type\":\"WebPage\",\"@id\":\"https:\/\/casanovahermanos.com\/ca\/productos\/\",\"url\":\"https:\/\/casanovahermanos.com\/ca\/productos\/\",\"name\":\"Embotits a l'engr\u00f2s. F\u00e0brica d'embotits tradicional.\",\"isPartOf\":{\"@id\":\"https:\/\/casanovahermanos.com\/ca\/#website\"},\"primaryImageOfPage\":{\"@id\":\"https:\/\/casanovahermanos.com\/ca\/productos\/#primaryimage\"},\"image\":{\"@id\":\"https:\/\/casanovahermanos.com\/ca\/productos\/#primaryimage\"},\"thumbnailUrl\":\"https:\/\/casanovahermanos.com\/wp-content\/uploads\/2022\/12\/FuetCamprojpg-370x450.jpg\",\"datePublished\":\"2024-02-12T18:01:37+00:00\",\"dateModified\":\"2024-02-19T11:10:23+00:00\",\"description\":\"Embotits a l'engr\u00f2s. F\u00e0brica embotits tradicional. Descobreix un m\u00f3n de sabors aut\u00e8ntics.\",\"breadcrumb\":{\"@id\":\"https:\/\/casanovahermanos.com\/ca\/productos\/#breadcrumb\"},\"inLanguage\":\"ca\",\"potentialAction\":[{\"@type\":\"ReadAction\",\"target\":[\"https:\/\/casanovahermanos.com\/ca\/productos\/\"]}]},{\"@type\":\"ImageObject\",\"inLanguage\":\"ca\",\"@id\":\"https:\/\/casanovahermanos.com\/ca\/productos\/#primaryimage\",\"url\":\"https:\/\/casanovahermanos.com\/wp-content\/uploads\/2022\/12\/FuetCamprojpg-370x450.jpg\",\"contentUrl\":\"https:\/\/casanovahermanos.com\/wp-content\/uploads\/2022\/12\/FuetCamprojpg-370x450.jpg\"},{\"@type\":\"BreadcrumbList\",\"@id\":\"https:\/\/casanovahermanos.com\/ca\/productos\/#breadcrumb\",\"itemListElement\":[{\"@type\":\"ListItem\",\"position\":1,\"name\":\"Portada\",\"item\":\"https:\/\/casanovahermanos.com\/ca\/\"},{\"@type\":\"ListItem\",\"position\":2,\"name\":\"Productos\"}]},{\"@type\":\"WebSite\",\"@id\":\"https:\/\/casanovahermanos.com\/ca\/#website\",\"url\":\"https:\/\/casanovahermanos.com\/ca\/\",\"name\":\"Casanova Hermanos\",\"description\":\"Embotits tradicionals de la Vall de Camprodon\",\"potentialAction\":[{\"@type\":\"SearchAction\",\"target\":{\"@type\":\"EntryPoint\",\"urlTemplate\":\"https:\/\/casanovahermanos.com\/ca\/?s={search_term_string}\"},\"query-input\":\"required name=search_term_string\"}],\"inLanguage\":\"ca\"}]}<\/script>\n<!-- \/ Yoast SEO plugin. -->","yoast_head_json":{"title":"Embotits a l'engr\u00f2s. F\u00e0brica d'embotits tradicional.","description":"Embotits a l'engr\u00f2s. F\u00e0brica embotits tradicional. Descobreix un m\u00f3n de sabors aut\u00e8ntics.","robots":{"index":"index","follow":"follow","max-snippet":"max-snippet:-1","max-image-preview":"max-image-preview:large","max-video-preview":"max-video-preview:-1"},"canonical":"https:\/\/casanovahermanos.com\/ca\/productos\/","og_locale":"ca_ES","og_type":"article","og_title":"Embotits a l'engr\u00f2s. F\u00e0brica d'embotits tradicional.","og_description":"Embotits a l'engr\u00f2s. F\u00e0brica embotits tradicional. Descobreix un m\u00f3n de sabors aut\u00e8ntics.","og_url":"https:\/\/casanovahermanos.com\/ca\/productos\/","og_site_name":"Casanova Hermanos","article_modified_time":"2024-02-19T11:10:23+00:00","og_image":[{"url":"https:\/\/casanovahermanos.com\/wp-content\/uploads\/2022\/12\/FuetCamprojpg-370x450.jpg"}],"twitter_card":"summary_large_image","twitter_misc":{"Temps estimat de lectura":"4 minuts"},"schema":{"@context":"https:\/\/schema.org","@graph":[{"@type":"WebPage","@id":"https:\/\/casanovahermanos.com\/ca\/productos\/","url":"https:\/\/casanovahermanos.com\/ca\/productos\/","name":"Embotits a l'engr\u00f2s. F\u00e0brica d'embotits tradicional.","isPartOf":{"@id":"https:\/\/casanovahermanos.com\/ca\/#website"},"primaryImageOfPage":{"@id":"https:\/\/casanovahermanos.com\/ca\/productos\/#primaryimage"},"image":{"@id":"https:\/\/casanovahermanos.com\/ca\/productos\/#primaryimage"},"thumbnailUrl":"https:\/\/casanovahermanos.com\/wp-content\/uploads\/2022\/12\/FuetCamprojpg-370x450.jpg","datePublished":"2024-02-12T18:01:37+00:00","dateModified":"2024-02-19T11:10:23+00:00","description":"Embotits a l'engr\u00f2s. F\u00e0brica embotits tradicional. Descobreix un m\u00f3n de sabors aut\u00e8ntics.","breadcrumb":{"@id":"https:\/\/casanovahermanos.com\/ca\/productos\/#breadcrumb"},"inLanguage":"ca","potentialAction":[{"@type":"ReadAction","target":["https:\/\/casanovahermanos.com\/ca\/productos\/"]}]},{"@type":"ImageObject","inLanguage":"ca","@id":"https:\/\/casanovahermanos.com\/ca\/productos\/#primaryimage","url":"https:\/\/casanovahermanos.com\/wp-content\/uploads\/2022\/12\/FuetCamprojpg-370x450.jpg","contentUrl":"https:\/\/casanovahermanos.com\/wp-content\/uploads\/2022\/12\/FuetCamprojpg-370x450.jpg"},{"@type":"BreadcrumbList","@id":"https:\/\/casanovahermanos.com\/ca\/productos\/#breadcrumb","itemListElement":[{"@type":"ListItem","position":1,"name":"Portada","item":"https:\/\/casanovahermanos.com\/ca\/"},{"@type":"ListItem","position":2,"name":"Productos"}]},{"@type":"WebSite","@id":"https:\/\/casanovahermanos.com\/ca\/#website","url":"https:\/\/casanovahermanos.com\/ca\/","name":"Casanova Hermanos","description":"Embotits tradicionals de la Vall de Camprodon","potentialAction":[{"@type":"SearchAction","target":{"@type":"EntryPoint","urlTemplate":"https:\/\/casanovahermanos.com\/ca\/?s={search_term_string}"},"query-input":"required name=search_term_string"}],"inLanguage":"ca"}]}},"_links":{"self":[{"href":"https:\/\/casanovahermanos.com\/ca\/wp-json\/wp\/v2\/pages\/12219","targetHints":{"allow":["GET"]}}],"collection":[{"href":"https:\/\/casanovahermanos.com\/ca\/wp-json\/wp\/v2\/pages"}],"about":[{"href":"https:\/\/casanovahermanos.com\/ca\/wp-json\/wp\/v2\/types\/page"}],"author":[{"embeddable":true,"href":"https:\/\/casanovahermanos.com\/ca\/wp-json\/wp\/v2\/users\/1"}],"replies":[{"embeddable":true,"href":"https:\/\/casanovahermanos.com\/ca\/wp-json\/wp\/v2\/comments?post=12219"}],"version-history":[{"count":1,"href":"https:\/\/casanovahermanos.com\/ca\/wp-json\/wp\/v2\/pages\/12219\/revisions"}],"predecessor-version":[{"id":12222,"href":"https:\/\/casanovahermanos.com\/ca\/wp-json\/wp\/v2\/pages\/12219\/revisions\/12222"}],"wp:attachment":[{"href":"https:\/\/casanovahermanos.com\/ca\/wp-json\/wp\/v2\/media?parent=12219"}],"curies":[{"name":"wp","href":"https:\/\/api.w.org\/{rel}","templated":true}]}}