{"id":11904,"date":"2023-07-18T17:51:10","date_gmt":"2023-07-18T17:51:10","guid":{"rendered":"https:\/\/casanovahermanos.com\/?page_id=11904"},"modified":"2024-02-12T14:50:30","modified_gmt":"2024-02-12T14:50:30","slug":"gracies-pel-vostre-interes","status":"publish","type":"page","link":"https:\/\/casanovahermanos.com\/ca\/gracies-pel-vostre-interes\/","title":{"rendered":"Gr\u00e0cies pel vostre inter\u00e8s"},"content":{"rendered":"\n<h1 class=\"wp-block-heading\">Gr\u00e0cies <\/h1>\n\n\n\n<p>En breu ens comunicarem amb vost\u00e8<\/p>\n","protected":false},"excerpt":{"rendered":"<p>Gr\u00e0cies En breu ens comunicarem amb vost\u00e8<\/p>\n","protected":false},"author":1,"featured_media":0,"parent":0,"menu_order":0,"comment_status":"closed","ping_status":"closed","template":"","meta":{"footnotes":""},"class_list":["post-11904","page","type-page","status-publish","hentry"],"yoast_head":"<!-- This site is optimized with the Yoast SEO plugin v22.6 - https:\/\/yoast.com\/wordpress\/plugins\/seo\/ -->\n<title>Casanova Hermanos - Gr\u00e0cies pel seu inter\u00e8s<\/title>\n<meta name=\"description\" content=\"Casanova Hermanos - Gr\u00e0cies pel seu inter\u00e9s - En breu ens pondrem en contacte amb vost\u00e8.\" \/>\n<meta name=\"robots\" content=\"index, follow, max-snippet:-1, max-image-preview:large, max-video-preview:-1\" \/>\n<link rel=\"canonical\" href=\"https:\/\/casanovahermanos.com\/ca\/gracies-pel-vostre-interes\/\" \/>\n<meta property=\"og:locale\" content=\"ca_ES\" \/>\n<meta property=\"og:type\" content=\"article\" \/>\n<meta property=\"og:title\" content=\"Casanova Hermanos - Gr\u00e0cies pel seu inter\u00e8s\" \/>\n<meta property=\"og:description\" content=\"Casanova Hermanos - Gr\u00e0cies pel seu inter\u00e9s - En breu ens pondrem en contacte amb vost\u00e8.\" \/>\n<meta property=\"og:url\" content=\"https:\/\/casanovahermanos.com\/ca\/gracies-pel-vostre-interes\/\" \/>\n<meta property=\"og:site_name\" content=\"Casanova Hermanos\" \/>\n<meta property=\"article:modified_time\" content=\"2024-02-12T14:50:30+00:00\" \/>\n<meta name=\"twitter:card\" content=\"summary_large_image\" \/>\n<meta name=\"twitter:label1\" content=\"Temps estimat de lectura\" \/>\n\t<meta name=\"twitter:data1\" content=\"1 minut\" \/>\n<script type=\"application\/ld+json\" class=\"yoast-schema-graph\">{\"@context\":\"https:\/\/schema.org\",\"@graph\":[{\"@type\":\"WebPage\",\"@id\":\"https:\/\/casanovahermanos.com\/ca\/gracies-pel-vostre-interes\/\",\"url\":\"https:\/\/casanovahermanos.com\/ca\/gracies-pel-vostre-interes\/\",\"name\":\"Casanova Hermanos - Gr\u00e0cies pel seu inter\u00e8s\",\"isPartOf\":{\"@id\":\"https:\/\/casanovahermanos.com\/ca\/#website\"},\"datePublished\":\"2023-07-18T17:51:10+00:00\",\"dateModified\":\"2024-02-12T14:50:30+00:00\",\"description\":\"Casanova Hermanos - Gr\u00e0cies pel seu inter\u00e9s - En breu ens pondrem en contacte amb vost\u00e8.\",\"breadcrumb\":{\"@id\":\"https:\/\/casanovahermanos.com\/ca\/gracies-pel-vostre-interes\/#breadcrumb\"},\"inLanguage\":\"ca\",\"potentialAction\":[{\"@type\":\"ReadAction\",\"target\":[\"https:\/\/casanovahermanos.com\/ca\/gracies-pel-vostre-interes\/\"]}]},{\"@type\":\"BreadcrumbList\",\"@id\":\"https:\/\/casanovahermanos.com\/ca\/gracies-pel-vostre-interes\/#breadcrumb\",\"itemListElement\":[{\"@type\":\"ListItem\",\"position\":1,\"name\":\"Portada\",\"item\":\"https:\/\/casanovahermanos.com\/ca\/\"},{\"@type\":\"ListItem\",\"position\":2,\"name\":\"Gr\u00e0cies pel vostre inter\u00e8s\"}]},{\"@type\":\"WebSite\",\"@id\":\"https:\/\/casanovahermanos.com\/ca\/#website\",\"url\":\"https:\/\/casanovahermanos.com\/ca\/\",\"name\":\"Casanova Hermanos\",\"description\":\"Embotits tradicionals de la Vall de Camprodon\",\"potentialAction\":[{\"@type\":\"SearchAction\",\"target\":{\"@type\":\"EntryPoint\",\"urlTemplate\":\"https:\/\/casanovahermanos.com\/ca\/?s={search_term_string}\"},\"query-input\":\"required name=search_term_string\"}],\"inLanguage\":\"ca\"}]}<\/script>\n<!-- \/ Yoast SEO plugin. -->","yoast_head_json":{"title":"Casanova Hermanos - Gr\u00e0cies pel seu inter\u00e8s","description":"Casanova Hermanos - Gr\u00e0cies pel seu inter\u00e9s - En breu ens pondrem en contacte amb vost\u00e8.","robots":{"index":"index","follow":"follow","max-snippet":"max-snippet:-1","max-image-preview":"max-image-preview:large","max-video-preview":"max-video-preview:-1"},"canonical":"https:\/\/casanovahermanos.com\/ca\/gracies-pel-vostre-interes\/","og_locale":"ca_ES","og_type":"article","og_title":"Casanova Hermanos - Gr\u00e0cies pel seu inter\u00e8s","og_description":"Casanova Hermanos - Gr\u00e0cies pel seu inter\u00e9s - En breu ens pondrem en contacte amb vost\u00e8.","og_url":"https:\/\/casanovahermanos.com\/ca\/gracies-pel-vostre-interes\/","og_site_name":"Casanova Hermanos","article_modified_time":"2024-02-12T14:50:30+00:00","twitter_card":"summary_large_image","twitter_misc":{"Temps estimat de lectura":"1 minut"},"schema":{"@context":"https:\/\/schema.org","@graph":[{"@type":"WebPage","@id":"https:\/\/casanovahermanos.com\/ca\/gracies-pel-vostre-interes\/","url":"https:\/\/casanovahermanos.com\/ca\/gracies-pel-vostre-interes\/","name":"Casanova Hermanos - Gr\u00e0cies pel seu inter\u00e8s","isPartOf":{"@id":"https:\/\/casanovahermanos.com\/ca\/#website"},"datePublished":"2023-07-18T17:51:10+00:00","dateModified":"2024-02-12T14:50:30+00:00","description":"Casanova Hermanos - Gr\u00e0cies pel seu inter\u00e9s - En breu ens pondrem en contacte amb vost\u00e8.","breadcrumb":{"@id":"https:\/\/casanovahermanos.com\/ca\/gracies-pel-vostre-interes\/#breadcrumb"},"inLanguage":"ca","potentialAction":[{"@type":"ReadAction","target":["https:\/\/casanovahermanos.com\/ca\/gracies-pel-vostre-interes\/"]}]},{"@type":"BreadcrumbList","@id":"https:\/\/casanovahermanos.com\/ca\/gracies-pel-vostre-interes\/#breadcrumb","itemListElement":[{"@type":"ListItem","position":1,"name":"Portada","item":"https:\/\/casanovahermanos.com\/ca\/"},{"@type":"ListItem","position":2,"name":"Gr\u00e0cies pel vostre inter\u00e8s"}]},{"@type":"WebSite","@id":"https:\/\/casanovahermanos.com\/ca\/#website","url":"https:\/\/casanovahermanos.com\/ca\/","name":"Casanova Hermanos","description":"Embotits tradicionals de la Vall de Camprodon","potentialAction":[{"@type":"SearchAction","target":{"@type":"EntryPoint","urlTemplate":"https:\/\/casanovahermanos.com\/ca\/?s={search_term_string}"},"query-input":"required name=search_term_string"}],"inLanguage":"ca"}]}},"_links":{"self":[{"href":"https:\/\/casanovahermanos.com\/ca\/wp-json\/wp\/v2\/pages\/11904","targetHints":{"allow":["GET"]}}],"collection":[{"href":"https:\/\/casanovahermanos.com\/ca\/wp-json\/wp\/v2\/pages"}],"about":[{"href":"https:\/\/casanovahermanos.com\/ca\/wp-json\/wp\/v2\/types\/page"}],"author":[{"embeddable":true,"href":"https:\/\/casanovahermanos.com\/ca\/wp-json\/wp\/v2\/users\/1"}],"replies":[{"embeddable":true,"href":"https:\/\/casanovahermanos.com\/ca\/wp-json\/wp\/v2\/comments?post=11904"}],"version-history":[{"count":2,"href":"https:\/\/casanovahermanos.com\/ca\/wp-json\/wp\/v2\/pages\/11904\/revisions"}],"predecessor-version":[{"id":12203,"href":"https:\/\/casanovahermanos.com\/ca\/wp-json\/wp\/v2\/pages\/11904\/revisions\/12203"}],"wp:attachment":[{"href":"https:\/\/casanovahermanos.com\/ca\/wp-json\/wp\/v2\/media?parent=11904"}],"curies":[{"name":"wp","href":"https:\/\/api.w.org\/{rel}","templated":true}]}}