{"id":11360,"date":"2020-10-05T15:42:25","date_gmt":"2020-10-05T15:42:25","guid":{"rendered":"https:\/\/casanovahermanos.com\/productos\/"},"modified":"2024-06-26T08:16:01","modified_gmt":"2024-06-26T08:16:01","slug":"productes-3","status":"publish","type":"page","link":"https:\/\/casanovahermanos.com\/ca\/productes-3\/","title":{"rendered":"Productes"},"content":{"rendered":"\t\t<div data-elementor-type=\"wp-page\" data-elementor-id=\"11360\" class=\"elementor elementor-11360\">\n\t\t\t\t\t\t<section class=\"elementor-section elementor-top-section elementor-element elementor-element-197845e elementor-section-boxed elementor-section-height-default elementor-section-height-default\" data-id=\"197845e\" data-element_type=\"section\">\n\t\t\t\t\t\t<div class=\"elementor-container elementor-column-gap-default\">\n\t\t\t\t\t<div class=\"elementor-column elementor-col-100 elementor-top-column elementor-element elementor-element-04aa2fd\" data-id=\"04aa2fd\" data-element_type=\"column\">\n\t\t\t<div class=\"elementor-widget-wrap elementor-element-populated\">\n\t\t\t\t\t\t<div class=\"elementor-element elementor-element-764f646 elementor-widget elementor-widget-heading\" data-id=\"764f646\" data-element_type=\"widget\" data-widget_type=\"heading.default\">\n\t\t\t\t<div class=\"elementor-widget-container\">\n\t\t\t<style>\/*! elementor - v3.21.0 - 08-05-2024 *\/\n.elementor-heading-title{padding:0;margin:0;line-height:1}.elementor-widget-heading .elementor-heading-title[class*=elementor-size-]>a{color:inherit;font-size:inherit;line-height:inherit}.elementor-widget-heading .elementor-heading-title.elementor-size-small{font-size:15px}.elementor-widget-heading .elementor-heading-title.elementor-size-medium{font-size:19px}.elementor-widget-heading .elementor-heading-title.elementor-size-large{font-size:29px}.elementor-widget-heading .elementor-heading-title.elementor-size-xl{font-size:39px}.elementor-widget-heading .elementor-heading-title.elementor-size-xxl{font-size:59px}<\/style><h1 class=\"elementor-heading-title elementor-size-default\">Sabor de qualitat<\/h1>\t\t<\/div>\n\t\t\t\t<\/div>\n\t\t\t\t\t<\/div>\n\t\t<\/div>\n\t\t\t\t\t<\/div>\n\t\t<\/section>\n\t\t\t\t<section class=\"elementor-section elementor-top-section elementor-element elementor-element-0abf8fa elementor-section-full_width elementor-section-height-default elementor-section-height-default\" data-id=\"0abf8fa\" data-element_type=\"section\">\n\t\t\t\t\t\t<div class=\"elementor-container elementor-column-gap-default\">\n\t\t\t\t\t<div class=\"elementor-column elementor-col-100 elementor-top-column elementor-element elementor-element-42d6f18\" data-id=\"42d6f18\" data-element_type=\"column\">\n\t\t\t<div class=\"elementor-widget-wrap elementor-element-populated\">\n\t\t\t\t\t\t<div class=\"elementor-element elementor-element-fb95e56 poket-star-rating--align-center elementor-widget elementor-widget-witr_section_title\" data-id=\"fb95e56\" data-element_type=\"widget\" data-widget_type=\"witr_section_title.default\">\n\t\t\t\t<div class=\"elementor-widget-container\">\n\t\t\t\t\t\t\t\t<!-- title center -->\n\t\t\t\t\t<div class=\"witr_section_title\">\n\t\t\t\t\t\t<div class=\"witr_section_title_inner text-center\">\n\n\t\t\t\t\t\t\t<!-- icon position -->\n\t\t\t\t\t\t\t\t\n\t\t\t\t\t\t\t<!-- end icon position -->\n\t\t\t\t\t\t\t\n\t\t\t\t\t\t\n\t\t\t\t\t\t\t<!-- title top -->\n\t\t\t\t\t\t\t\t\t\t\t\t\t\t\t<h2>Els nostres productes<\/h2>\t\t\n\t\t\t\t\t\t\t\n\n\t\t\t\t\t\t\t<!-- icon position -->\n\t\t\t\t\t\t\t\t\n\t\t\t\t\t\t\t<!-- end icon position -->\n\n\n\t\t\t\t\t\t\t\n\t\t\t\t\t\t\t<!-- title middle -->\n\t\t\t\t\t\t\t\t\t\t\t\t\t\t\t<h3>Sabor tradicional <\/h3>\t\t\n\t\t\t\t\t\t\t\t\t\t\t\t\t\t<!-- title bottom -->\n\t\t\t\t\t\t\t\n\t\t\t\t\t\t\t\n\t\t\t\t\t\t\t\n\t\t\t\t\t\t\t\t\t\t\t\t\t\t\n\t\t\t\t\t\t\t<!-- image -->\n\t\t\t\t\t\t\t\t\t\t\t\t\t\t<!-- icon -->\n\t\t\t\t\t\t\t\t\t\t\t\t\t\t\n\t\t\t\t\t\t\t<!-- bar -->\n\t\t\t\t\t\t\t\t\t\t\t\t\t\t<!-- circle bar -->\n\t\t\t\t\t\t\t\t\t\t\t\t\t\t\n\t\t\t\t\t\t\t\t\n\t\t\t\t\t\t\t\n\n\t\t\t\t\t\t\t\n\t\t\t\t\t\t\t<!-- content -->\n\t\t\t\t\t\t\t\t\t\t\t\t\t\t\t<p>Som especialistes en productes curats i cuits, mantenint la tradici\u00f3 familiar i, alhora, actualitzant cadascun d'ells a les noves demandes.\nEns adaptem a les necessitats, respectant tamb\u00e9 intoler\u00e0ncies i finalitat dels nostres productes, conservant sempre l'autenticitat a cada mos.\n <\/p>\t\t\n\t\t\t\t\t\t\t\t\t\t\t\t\t\t\n\t\t\t\t\t\t<\/div>\n\t\t\t\t\t\t\t<!-- inner title -->\n\t\t\t\t\t\t\t\t\t\t\t\t\t\n\t\t\t\t\t<\/div>\n\n\t\t\t\t\t\t<\/div>\n\t\t\t\t<\/div>\n\t\t\t\t<div class=\"elementor-element elementor-element-7ca1db8 poket-star-rating--align-center elementor-widget elementor-widget-witr_section_ports\" data-id=\"7ca1db8\" data-element_type=\"widget\" data-widget_type=\"witr_section_ports.default\">\n\t\t\t\t<div class=\"elementor-widget-container\">\n\t\t\t\t\t\t\n\t\n\t\t<div class=\"witr_pslide all_pslides_color ps1 service_active\">\n\t\t\t<div class=\" witr_islidess_slick witr_cslide_idany\">\n\t\t\t\t\t\t\n\t\t\t\t\t\t\t\n\t\t\t\t\t\t<div class=\"item_pos col-lg-12\">\t\n\t\t\t\t\t\t\t<div class=\"witr_single_pslide\">\t\n\t\t\t\t\t\t\t\t<div class=\"witr_pslide_image\">\n\t\t\t\t\t\t\t\t\t<img fetchpriority=\"high\" decoding=\"async\" width=\"370\" height=\"450\" src=\"https:\/\/casanovahermanos.com\/wp-content\/uploads\/2022\/12\/FuetCamprojpg-370x450.jpg\" class=\"attachment-poket-event-370-450 size-poket-event-370-450 wp-image-11240\" alt=\"Embutidos Casanova Hermanos - Fuet\" \/>\t\t\t\t\t\t\t\t<\/div>\n\t\t\t\t\t\t\t\t\t\t\t\t\t\t\t\t\t\t\t\t\t\t\t\t\n\t\t\t\t\t\t\t\t<div class=\"witr_content_pslide_text\">\n\t\t\t\t\t\t\t\t\t<div class=\"witr_content_pslide\">\n\t\t\t\t\t\t\t\t\t\t<!-- title -->\n\t\t\t\t\t\t\t\t\t\t\t\t\t\t\t\t\t\t\t\t\t\t\t\t\t\t\t\t\t\t<h3>Fuet de Camprodon <\/h3>\n\t\t\t\t\t\t\t\t\t\t\t\t\t\t\t\t\t\t\t\t\t\t\t\t\t\t\t\t\t\t\n\t\t\t\t\t\t\t\t\t\t<!-- content -->\n\t\t\t\t\t\t\t\t\t\t\t\t\t\t\t\t\t\t\t<\/div>\n\t\t\t\t\t\t\t\t\t<!-- button -->\n\t\t\t\t\t\t\t\t\t\t\n\t\t\t\t\t\t\t\t<\/div>\t\n\t\t\t\t\t\t\t\t\n\t\t\t\t\t\t\t<\/div> \n\t\t\t\t\t\t<\/div> \n\t\t\t\t\t\t\n\t\t\t\t\t\t\n\t\t\t\t\t\t\t\n\t\t\t\t\t\t\t\n\t\t\t\t\t\t<div class=\"item_pos col-lg-12\">\t\n\t\t\t\t\t\t\t<div class=\"witr_single_pslide\">\t\n\t\t\t\t\t\t\t\t<div class=\"witr_pslide_image\">\n\t\t\t\t\t\t\t\t\t<img decoding=\"async\" width=\"370\" height=\"450\" src=\"https:\/\/casanovahermanos.com\/wp-content\/uploads\/2022\/12\/LlongaPages-370x450.jpg\" class=\"attachment-poket-event-370-450 size-poket-event-370-450 wp-image-11243\" alt=\"Embutidos Casanova Hermanos\" \/>\t\t\t\t\t\t\t\t<\/div>\n\t\t\t\t\t\t\t\t\t\t\t\t\t\t\t\t\t\t\t\t\t\t\t\t\n\t\t\t\t\t\t\t\t<div class=\"witr_content_pslide_text\">\n\t\t\t\t\t\t\t\t\t<div class=\"witr_content_pslide\">\n\t\t\t\t\t\t\t\t\t\t<!-- title -->\n\t\t\t\t\t\t\t\t\t\t\t\t\t\t\t\t\t\t\t\t\t\t\t\t\t\t\t\t\t\t<h3>Llonganissa de pag\u00e9s <\/h3>\n\t\t\t\t\t\t\t\t\t\t\t\t\t\t\t\t\t\t\t\t\t\t\t\t\t\t\t\t\t\t\n\t\t\t\t\t\t\t\t\t\t<!-- content -->\n\t\t\t\t\t\t\t\t\t\t\t\t\t\t\t\t\t\t\t<\/div>\n\t\t\t\t\t\t\t\t\t<!-- button -->\n\t\t\t\t\t\t\t\t\t\t\n\t\t\t\t\t\t\t\t<\/div>\t\n\t\t\t\t\t\t\t\t\n\t\t\t\t\t\t\t<\/div> \n\t\t\t\t\t\t<\/div> \n\t\t\t\t\t\t\n\t\t\t\t\t\t\n\t\t\t\t\t\t\t\n\t\t\t\t\t\t\t\n\t\t\t\t\t\t<div class=\"item_pos col-lg-12\">\t\n\t\t\t\t\t\t\t<div class=\"witr_single_pslide\">\t\n\t\t\t\t\t\t\t\t<div class=\"witr_pslide_image\">\n\t\t\t\t\t\t\t\t\t<img decoding=\"async\" width=\"370\" height=\"450\" src=\"https:\/\/casanovahermanos.com\/wp-content\/uploads\/2022\/12\/Artesa-370x450.jpeg\" class=\"attachment-poket-event-370-450 size-poket-event-370-450 wp-image-11246\" alt=\"Jam\u00f3n de York\" \/>\t\t\t\t\t\t\t\t<\/div>\n\t\t\t\t\t\t\t\t\t\t\t\t\t\t\t\t\t\t\t\t\t\t\t\t\n\t\t\t\t\t\t\t\t<div class=\"witr_content_pslide_text\">\n\t\t\t\t\t\t\t\t\t<div class=\"witr_content_pslide\">\n\t\t\t\t\t\t\t\t\t\t<!-- title -->\n\t\t\t\t\t\t\t\t\t\t\t\t\t\t\t\t\t\t\t\t\t\t\t\t\t\t\t\t\t\t<h3>Pernil dol\u00e7 \u201cartes\u00e0\u201d <\/h3>\n\t\t\t\t\t\t\t\t\t\t\t\t\t\t\t\t\t\t\t\t\t\t\t\t\t\t\t\t\t\t\n\t\t\t\t\t\t\t\t\t\t<!-- content -->\n\t\t\t\t\t\t\t\t\t\t\t\t\t\t\t\t\t\t\t<\/div>\n\t\t\t\t\t\t\t\t\t<!-- button -->\n\t\t\t\t\t\t\t\t\t\t\n\t\t\t\t\t\t\t\t<\/div>\t\n\t\t\t\t\t\t\t\t\n\t\t\t\t\t\t\t<\/div> \n\t\t\t\t\t\t<\/div> \n\t\t\t\t\t\t\n\t\t\t\t\t\t\n\t\t\t\t\t\t\t\n\t\t\t\t\t\t\t\n\t\t\t\t\t\t<div class=\"item_pos col-lg-12\">\t\n\t\t\t\t\t\t\t<div class=\"witr_single_pslide\">\t\n\t\t\t\t\t\t\t\t<div class=\"witr_pslide_image\">\n\t\t\t\t\t\t\t\t\t<img loading=\"lazy\" decoding=\"async\" width=\"370\" height=\"450\" src=\"https:\/\/casanovahermanos.com\/wp-content\/uploads\/2022\/12\/rosari-370x450.jpg\" class=\"attachment-poket-event-370-450 size-poket-event-370-450 wp-image-11249\" alt=\"Chorizo rojo\" \/>\t\t\t\t\t\t\t\t<\/div>\n\t\t\t\t\t\t\t\t\t\t\t\t\t\t\t\t\t\t\t\t\t\t\t\t\n\t\t\t\t\t\t\t\t<div class=\"witr_content_pslide_text\">\n\t\t\t\t\t\t\t\t\t<div class=\"witr_content_pslide\">\n\t\t\t\t\t\t\t\t\t\t<!-- title -->\n\t\t\t\t\t\t\t\t\t\t\t\t\t\t\t\t\t\t\t\t\t\t\t\t\t\t\t\t\t\t<h3>Xori\u00e7 \u201cRosari\u201d <\/h3>\n\t\t\t\t\t\t\t\t\t\t\t\t\t\t\t\t\t\t\t\t\t\t\t\t\t\t\t\t\t\t\n\t\t\t\t\t\t\t\t\t\t<!-- content -->\n\t\t\t\t\t\t\t\t\t\t\t\t\t\t\t\t\t\t\t<\/div>\n\t\t\t\t\t\t\t\t\t<!-- button -->\n\t\t\t\t\t\t\t\t\t\t\n\t\t\t\t\t\t\t\t<\/div>\t\n\t\t\t\t\t\t\t\t\n\t\t\t\t\t\t\t<\/div> \n\t\t\t\t\t\t<\/div> \n\t\t\t\t\t\t\n\t\t\t\t\t\t\n\t\t\t\t\t\t\t\n\t\t\t\t\t\t\t\n\t\t\t\t\t\t<div class=\"item_pos col-lg-12\">\t\n\t\t\t\t\t\t\t<div class=\"witr_single_pslide\">\t\n\t\t\t\t\t\t\t\t<div class=\"witr_pslide_image\">\n\t\t\t\t\t\t\t\t\t<img loading=\"lazy\" decoding=\"async\" width=\"370\" height=\"450\" src=\"https:\/\/casanovahermanos.com\/wp-content\/uploads\/2022\/12\/Boti-370x450.jpg\" class=\"attachment-poket-event-370-450 size-poket-event-370-450 wp-image-11252\" alt=\"Botifarra blanca\" \/>\t\t\t\t\t\t\t\t<\/div>\n\t\t\t\t\t\t\t\t\t\t\t\t\t\t\t\t\t\t\t\t\t\t\t\t\n\t\t\t\t\t\t\t\t<div class=\"witr_content_pslide_text\">\n\t\t\t\t\t\t\t\t\t<div class=\"witr_content_pslide\">\n\t\t\t\t\t\t\t\t\t\t<!-- title -->\n\t\t\t\t\t\t\t\t\t\t\t\t\t\t\t\t\t\t\t\t\t\t\t\t\t\t\t\t\t\t<h3>Butifarra blanca <\/h3>\n\t\t\t\t\t\t\t\t\t\t\t\t\t\t\t\t\t\t\t\t\t\t\t\t\t\t\t\t\t\t\n\t\t\t\t\t\t\t\t\t\t<!-- content -->\n\t\t\t\t\t\t\t\t\t\t\t\t\t\t\t\t\t\t\t<\/div>\n\t\t\t\t\t\t\t\t\t<!-- button -->\n\t\t\t\t\t\t\t\t\t\t\n\t\t\t\t\t\t\t\t<\/div>\t\n\t\t\t\t\t\t\t\t\n\t\t\t\t\t\t\t<\/div> \n\t\t\t\t\t\t<\/div> \n\t\t\t\t\t\t\n\t\t\t\t\t\t\n\t\t\t\t\t\t\t\n\t\t\t\t\t\t\t\n\t\t\t\t\t\t<div class=\"item_pos col-lg-12\">\t\n\t\t\t\t\t\t\t<div class=\"witr_single_pslide\">\t\n\t\t\t\t\t\t\t\t<div class=\"witr_pslide_image\">\n\t\t\t\t\t\t\t\t\t<img loading=\"lazy\" decoding=\"async\" width=\"370\" height=\"450\" src=\"https:\/\/casanovahermanos.com\/wp-content\/uploads\/2022\/12\/fuet-longa-370x450.jpeg\" class=\"attachment-poket-event-370-450 size-poket-event-370-450 wp-image-11255\" alt=\"Embutidos Casanova Hermanos\" \/>\t\t\t\t\t\t\t\t<\/div>\n\t\t\t\t\t\t\t\t\t\t\t\t\t\t\t\t\t\t\t\t\t\t\t\t\n\t\t\t\t\t\t\t\t<div class=\"witr_content_pslide_text\">\n\t\t\t\t\t\t\t\t\t<div class=\"witr_content_pslide\">\n\t\t\t\t\t\t\t\t\t\t<!-- title -->\n\t\t\t\t\t\t\t\t\t\t\t\t\t\t\t\t\t\t\t\t\t\t\t\t\t\t\t\t\t\t<h3>Fuet - Llonganissa  <\/h3>\n\t\t\t\t\t\t\t\t\t\t\t\t\t\t\t\t\t\t\t\t\t\t\t\t\t\t\t\t\t\t\n\t\t\t\t\t\t\t\t\t\t<!-- content -->\n\t\t\t\t\t\t\t\t\t\t\t\t\t\t\t\t\t\t\t<\/div>\n\t\t\t\t\t\t\t\t\t<!-- button -->\n\t\t\t\t\t\t\t\t\t\t\n\t\t\t\t\t\t\t\t<\/div>\t\n\t\t\t\t\t\t\t\t\n\t\t\t\t\t\t\t<\/div> \n\t\t\t\t\t\t<\/div> \n\t\t\t\t\t\t\n\t\t\t\t\t\t\n\t\t\t\t\t\t\t\n\t\t\t\t\t\t\t\n\t\t\t\t\t\t<div class=\"item_pos col-lg-12\">\t\n\t\t\t\t\t\t\t<div class=\"witr_single_pslide\">\t\n\t\t\t\t\t\t\t\t<div class=\"witr_pslide_image\">\n\t\t\t\t\t\t\t\t\t<img loading=\"lazy\" decoding=\"async\" width=\"1024\" height=\"683\" src=\"https:\/\/casanovahermanos.com\/wp-content\/uploads\/2024\/02\/Panxeta-curada-pebre-1024x683.jpg\" class=\"attachment-large size-large wp-image-12122\" alt=\"PANXETA CURADA AMB PEBRE\" srcset=\"https:\/\/casanovahermanos.com\/wp-content\/uploads\/2024\/02\/Panxeta-curada-pebre-1024x683.jpg 1024w, https:\/\/casanovahermanos.com\/wp-content\/uploads\/2024\/02\/Panxeta-curada-pebre-300x200.jpg 300w, https:\/\/casanovahermanos.com\/wp-content\/uploads\/2024\/02\/Panxeta-curada-pebre-768x512.jpg 768w, https:\/\/casanovahermanos.com\/wp-content\/uploads\/2024\/02\/Panxeta-curada-pebre-1536x1024.jpg 1536w, https:\/\/casanovahermanos.com\/wp-content\/uploads\/2024\/02\/Panxeta-curada-pebre.jpg 1920w\" sizes=\"(max-width: 1024px) 100vw, 1024px\" \/>\t\t\t\t\t\t\t\t<\/div>\n\t\t\t\t\t\t\t\t\t\n\t\t\t\t\t\t\t\t\t<div class=\"witr_pslide_custom\">\t\n\t\t\t\t\t\t\t\t\t<!-- custom icon -->\n\t\t\t\t\t\t\t\t\t\t\t\t\t\t\t\t\t\t\t<a href=\"#\"><span class=\"ti-arrow-right\"><\/span><\/a>\n\t\t\t\t\t\t\t\t\t\t\t\t\t\t\t\t\t\t\n\t\t\t\t\t\t\t\t\t<\/div>\n\t\t\t\t\t\t\t\t\t\t\t\t\t\t\t\t\t\t\t\t\t\t\t\t\n\t\t\t\t\t\t\t\t<div class=\"witr_content_pslide_text\">\n\t\t\t\t\t\t\t\t\t<div class=\"witr_content_pslide\">\n\t\t\t\t\t\t\t\t\t\t<!-- title -->\n\t\t\t\t\t\t\t\t\t\t\t\t\t\t\t\t\t\t\t\t \n\t\t\t\t\t\t\t\t\t\t\t<h3><a href=\"#\">Paxeta curada amb pebre<\/a><\/h3>\n\t\t\t\t\t\t\t\t\t\t\t\t\t\t\t\t\t\t\t\t\t\t\t\t\t\t\t\t\t\t\n\t\t\t\t\t\t\t\t\t\t<!-- content -->\n\t\t\t\t\t\t\t\t\t\t\t\t\t\t\t\t\t\t\t\t\t<p>Being able to  <\/p>\t\t\n\t\t\t\t\t\t\t\t\t\t\t\t\t\t\t\t\t\t\t<\/div>\n\t\t\t\t\t\t\t\t\t<!-- button -->\n\t\t\t\t\t\t\t\t\t\t\n\t\t\t\t\t\t\t\t<\/div>\t\n\t\t\t\t\t\t\t\t\n\t\t\t\t\t\t\t<\/div> \n\t\t\t\t\t\t<\/div> \n\t\t\t\t\t\t\n\t\t\t\t\t\t\n\t\t\t\t\t\t\t\n\t\t\t\t\t\t\t\n\t\t\t\t\t\t<div class=\"item_pos col-lg-12\">\t\n\t\t\t\t\t\t\t<div class=\"witr_single_pslide\">\t\n\t\t\t\t\t\t\t\t<div class=\"witr_pslide_image\">\n\t\t\t\t\t\t\t\t\t<img loading=\"lazy\" decoding=\"async\" width=\"1024\" height=\"683\" src=\"https:\/\/casanovahermanos.com\/wp-content\/uploads\/2024\/02\/Llom-1024x683.jpg\" class=\"attachment-large size-large wp-image-12119\" alt=\"LLOM CURAT\" srcset=\"https:\/\/casanovahermanos.com\/wp-content\/uploads\/2024\/02\/Llom-1024x683.jpg 1024w, https:\/\/casanovahermanos.com\/wp-content\/uploads\/2024\/02\/Llom-300x200.jpg 300w, https:\/\/casanovahermanos.com\/wp-content\/uploads\/2024\/02\/Llom-768x512.jpg 768w, https:\/\/casanovahermanos.com\/wp-content\/uploads\/2024\/02\/Llom-1536x1024.jpg 1536w, https:\/\/casanovahermanos.com\/wp-content\/uploads\/2024\/02\/Llom.jpg 1920w\" sizes=\"(max-width: 1024px) 100vw, 1024px\" \/>\t\t\t\t\t\t\t\t<\/div>\n\t\t\t\t\t\t\t\t\t\n\t\t\t\t\t\t\t\t\t<div class=\"witr_pslide_custom\">\t\n\t\t\t\t\t\t\t\t\t<!-- custom icon -->\n\t\t\t\t\t\t\t\t\t\t\t\t\t\t\t\t\t\t\t<a href=\"#\"><span class=\"ti-arrow-right\"><\/span><\/a>\n\t\t\t\t\t\t\t\t\t\t\t\t\t\t\t\t\t\t\n\t\t\t\t\t\t\t\t\t<\/div>\n\t\t\t\t\t\t\t\t\t\t\t\t\t\t\t\t\t\t\t\t\t\t\t\t\n\t\t\t\t\t\t\t\t<div class=\"witr_content_pslide_text\">\n\t\t\t\t\t\t\t\t\t<div class=\"witr_content_pslide\">\n\t\t\t\t\t\t\t\t\t\t<!-- title -->\n\t\t\t\t\t\t\t\t\t\t\t\t\t\t\t\t\t\t\t\t \n\t\t\t\t\t\t\t\t\t\t\t<h3><a href=\"#\">Llom curat<\/a><\/h3>\n\t\t\t\t\t\t\t\t\t\t\t\t\t\t\t\t\t\t\t\t\t\t\t\t\t\t\t\t\t\t\n\t\t\t\t\t\t\t\t\t\t<!-- content -->\n\t\t\t\t\t\t\t\t\t\t\t\t\t\t\t\t\t\t\t\t\t<p>Being able to  <\/p>\t\t\n\t\t\t\t\t\t\t\t\t\t\t\t\t\t\t\t\t\t\t<\/div>\n\t\t\t\t\t\t\t\t\t<!-- button -->\n\t\t\t\t\t\t\t\t\t\t\n\t\t\t\t\t\t\t\t<\/div>\t\n\t\t\t\t\t\t\t\t\n\t\t\t\t\t\t\t<\/div> \n\t\t\t\t\t\t<\/div> \n\t\t\t\t\t\t\n\t\t\t\t\t\t\n\t\t\t\t\t\t\t\t\t\t\t\n\t\t\t\t\t\t\t\t\t\t\t\n\t\t\t<\/div> \n\t\t\t\n\t\t<\/div> \n\t\t\n\t\t\t<script type='text\/javascript'>\r\n\t\t\tjQuery(function($){\t\t\t\t\r\n\t\t\t\tvar witrbslick = $('.witr_cslide_idany');\t\t\t\t\r\n\t\t\t\tif(witrbslick.length > 0){\r\n\t\t\t\twitrbslick.slick({\r\n\t\t\t\t\tinfinite: true,\r\n\t\t\t\t\tautoplay: true,\r\n\t\t\t\t\tautoplaySpeed: 2000,\r\n\t\t\t\t\tspeed: 1000,\t\t\t\t\t\r\n\t\t\t\t\tslidesToShow: 4,\r\n\t\t\t\t\tslidesToScroll: 1,\r\n\t\t\t\t\t\t\t\t\t\tarrows: true,\r\n\t\t\t\t\tdots: false,\r\n\t\t\t\t\tresponsive: [\r\n\t\t\t\t\t\t{\r\n\t\t\t\t\t\t\tbreakpoint: 1200,\r\n\t\t\t\t\t\t\tsettings: {\r\n\t\t\t\t\t\t\t\tslidesToShow: 3,\r\n\t\t\t\t\t\t\t\tslidesToScroll: 1,\r\n\t\t\t\t\t\t\t}\r\n\t\t\t\t\t},\r\n\t\t\t\t\t\t{\r\n\t\t\t\t\t\t\tbreakpoint: 992,\r\n\t\t\t\t\t\t\tsettings: {\r\n\t\t\t\t\t\t\t\tslidesToShow: 2,\r\n\t\t\t\t\t\t\t\tslidesToScroll: 1,\r\n\t\t\t\t\t\t\t}\r\n\t\t\t\t\t},\r\n\t\t\t\t\t\t{\r\n\t\t\t\t\t\t\tbreakpoint: 767,\r\n\t\t\t\t\t\t\tsettings: {\r\n\t\t\t\t\t\t\t\tslidesToShow: 1,\r\n\t\t\t\t\t\t\t\tslidesToScroll: 1,\r\n\t\t\t\t\t\t\t}\r\n\t\t\t\t\t}\r\n\t\t\t\t\t]\r\n\t\t\t\t});\r\n\t\t\t}\r\n\r\n\t\t\t});\r\n\t\t<\/script>\t\t\t<\/div>\n\t\t\t\t<\/div>\n\t\t\t\t\t<\/div>\n\t\t<\/div>\n\t\t\t\t\t<\/div>\n\t\t<\/section>\n\t\t\t\t<\/div>\n\t\t","protected":false},"excerpt":{"rendered":"<p>Sabor de qualitat Els nostres productes Sabor tradicional Som especialistes en productes curats i cuits, mantenint la tradici\u00f3 familiar i, alhora, actualitzant cadascun d&#8217;ells a les noves demandes. Ens adaptem a les necessitats, respectant tamb\u00e9 intoler\u00e0ncies i finalitat dels nostres productes, conservant sempre l&#8217;autenticitat a cada mos. Fuet de Camprodon Llonganissa de pag\u00e9s Pernil dol\u00e7 [&hellip;]<\/p>\n","protected":false},"author":1,"featured_media":0,"parent":0,"menu_order":0,"comment_status":"closed","ping_status":"closed","template":"template-home.php","meta":{"footnotes":""},"class_list":["post-11360","page","type-page","status-publish","hentry"],"yoast_head":"<!-- This site is optimized with the Yoast SEO plugin v22.6 - https:\/\/yoast.com\/wordpress\/plugins\/seo\/ -->\n<title>Embotits a l&#039;engr\u00f2s. F\u00e0brica d&#039;embotits tradicional.<\/title>\n<meta name=\"description\" content=\"Embotits a l&#039;engr\u00f2s. F\u00e0brica embotits tradicional. Descobreix un m\u00f3n de sabors aut\u00e8ntics.\" \/>\n<meta name=\"robots\" content=\"index, follow, max-snippet:-1, max-image-preview:large, max-video-preview:-1\" \/>\n<link rel=\"canonical\" href=\"https:\/\/casanovahermanos.com\/ca\/productes-3\/\" \/>\n<meta property=\"og:locale\" content=\"ca_ES\" \/>\n<meta property=\"og:type\" content=\"article\" \/>\n<meta property=\"og:title\" content=\"Embotits a l&#039;engr\u00f2s. F\u00e0brica d&#039;embotits tradicional.\" \/>\n<meta property=\"og:description\" content=\"Embotits a l&#039;engr\u00f2s. F\u00e0brica embotits tradicional. Descobreix un m\u00f3n de sabors aut\u00e8ntics.\" \/>\n<meta property=\"og:url\" content=\"https:\/\/casanovahermanos.com\/ca\/productes-3\/\" \/>\n<meta property=\"og:site_name\" content=\"Casanova Hermanos\" \/>\n<meta property=\"article:modified_time\" content=\"2024-06-26T08:16:01+00:00\" \/>\n<meta property=\"og:image\" content=\"https:\/\/casanovahermanos.com\/wp-content\/uploads\/2022\/12\/FuetCamprojpg-370x450.jpg\" \/>\n<meta name=\"twitter:card\" content=\"summary_large_image\" \/>\n<meta name=\"twitter:label1\" content=\"Temps estimat de lectura\" \/>\n\t<meta name=\"twitter:data1\" content=\"7 minuts\" \/>\n<script type=\"application\/ld+json\" class=\"yoast-schema-graph\">{\"@context\":\"https:\/\/schema.org\",\"@graph\":[{\"@type\":\"WebPage\",\"@id\":\"https:\/\/casanovahermanos.com\/ca\/productes-3\/\",\"url\":\"https:\/\/casanovahermanos.com\/ca\/productes-3\/\",\"name\":\"Embotits a l'engr\u00f2s. F\u00e0brica d'embotits tradicional.\",\"isPartOf\":{\"@id\":\"https:\/\/casanovahermanos.com\/ca\/#website\"},\"primaryImageOfPage\":{\"@id\":\"https:\/\/casanovahermanos.com\/ca\/productes-3\/#primaryimage\"},\"image\":{\"@id\":\"https:\/\/casanovahermanos.com\/ca\/productes-3\/#primaryimage\"},\"thumbnailUrl\":\"https:\/\/casanovahermanos.com\/wp-content\/uploads\/2022\/12\/FuetCamprojpg-370x450.jpg\",\"datePublished\":\"2020-10-05T15:42:25+00:00\",\"dateModified\":\"2024-06-26T08:16:01+00:00\",\"description\":\"Embotits a l'engr\u00f2s. F\u00e0brica embotits tradicional. Descobreix un m\u00f3n de sabors aut\u00e8ntics.\",\"breadcrumb\":{\"@id\":\"https:\/\/casanovahermanos.com\/ca\/productes-3\/#breadcrumb\"},\"inLanguage\":\"ca\",\"potentialAction\":[{\"@type\":\"ReadAction\",\"target\":[\"https:\/\/casanovahermanos.com\/ca\/productes-3\/\"]}]},{\"@type\":\"ImageObject\",\"inLanguage\":\"ca\",\"@id\":\"https:\/\/casanovahermanos.com\/ca\/productes-3\/#primaryimage\",\"url\":\"https:\/\/casanovahermanos.com\/wp-content\/uploads\/2022\/12\/FuetCamprojpg-370x450.jpg\",\"contentUrl\":\"https:\/\/casanovahermanos.com\/wp-content\/uploads\/2022\/12\/FuetCamprojpg-370x450.jpg\"},{\"@type\":\"BreadcrumbList\",\"@id\":\"https:\/\/casanovahermanos.com\/ca\/productes-3\/#breadcrumb\",\"itemListElement\":[{\"@type\":\"ListItem\",\"position\":1,\"name\":\"Portada\",\"item\":\"https:\/\/casanovahermanos.com\/ca\/\"},{\"@type\":\"ListItem\",\"position\":2,\"name\":\"Productes\"}]},{\"@type\":\"WebSite\",\"@id\":\"https:\/\/casanovahermanos.com\/ca\/#website\",\"url\":\"https:\/\/casanovahermanos.com\/ca\/\",\"name\":\"Casanova Hermanos\",\"description\":\"Embotits tradicionals de la Vall de Camprodon\",\"potentialAction\":[{\"@type\":\"SearchAction\",\"target\":{\"@type\":\"EntryPoint\",\"urlTemplate\":\"https:\/\/casanovahermanos.com\/ca\/?s={search_term_string}\"},\"query-input\":\"required name=search_term_string\"}],\"inLanguage\":\"ca\"}]}<\/script>\n<!-- \/ Yoast SEO plugin. -->","yoast_head_json":{"title":"Embotits a l'engr\u00f2s. F\u00e0brica d'embotits tradicional.","description":"Embotits a l'engr\u00f2s. F\u00e0brica embotits tradicional. Descobreix un m\u00f3n de sabors aut\u00e8ntics.","robots":{"index":"index","follow":"follow","max-snippet":"max-snippet:-1","max-image-preview":"max-image-preview:large","max-video-preview":"max-video-preview:-1"},"canonical":"https:\/\/casanovahermanos.com\/ca\/productes-3\/","og_locale":"ca_ES","og_type":"article","og_title":"Embotits a l'engr\u00f2s. F\u00e0brica d'embotits tradicional.","og_description":"Embotits a l'engr\u00f2s. F\u00e0brica embotits tradicional. Descobreix un m\u00f3n de sabors aut\u00e8ntics.","og_url":"https:\/\/casanovahermanos.com\/ca\/productes-3\/","og_site_name":"Casanova Hermanos","article_modified_time":"2024-06-26T08:16:01+00:00","og_image":[{"url":"https:\/\/casanovahermanos.com\/wp-content\/uploads\/2022\/12\/FuetCamprojpg-370x450.jpg"}],"twitter_card":"summary_large_image","twitter_misc":{"Temps estimat de lectura":"7 minuts"},"schema":{"@context":"https:\/\/schema.org","@graph":[{"@type":"WebPage","@id":"https:\/\/casanovahermanos.com\/ca\/productes-3\/","url":"https:\/\/casanovahermanos.com\/ca\/productes-3\/","name":"Embotits a l'engr\u00f2s. F\u00e0brica d'embotits tradicional.","isPartOf":{"@id":"https:\/\/casanovahermanos.com\/ca\/#website"},"primaryImageOfPage":{"@id":"https:\/\/casanovahermanos.com\/ca\/productes-3\/#primaryimage"},"image":{"@id":"https:\/\/casanovahermanos.com\/ca\/productes-3\/#primaryimage"},"thumbnailUrl":"https:\/\/casanovahermanos.com\/wp-content\/uploads\/2022\/12\/FuetCamprojpg-370x450.jpg","datePublished":"2020-10-05T15:42:25+00:00","dateModified":"2024-06-26T08:16:01+00:00","description":"Embotits a l'engr\u00f2s. F\u00e0brica embotits tradicional. Descobreix un m\u00f3n de sabors aut\u00e8ntics.","breadcrumb":{"@id":"https:\/\/casanovahermanos.com\/ca\/productes-3\/#breadcrumb"},"inLanguage":"ca","potentialAction":[{"@type":"ReadAction","target":["https:\/\/casanovahermanos.com\/ca\/productes-3\/"]}]},{"@type":"ImageObject","inLanguage":"ca","@id":"https:\/\/casanovahermanos.com\/ca\/productes-3\/#primaryimage","url":"https:\/\/casanovahermanos.com\/wp-content\/uploads\/2022\/12\/FuetCamprojpg-370x450.jpg","contentUrl":"https:\/\/casanovahermanos.com\/wp-content\/uploads\/2022\/12\/FuetCamprojpg-370x450.jpg"},{"@type":"BreadcrumbList","@id":"https:\/\/casanovahermanos.com\/ca\/productes-3\/#breadcrumb","itemListElement":[{"@type":"ListItem","position":1,"name":"Portada","item":"https:\/\/casanovahermanos.com\/ca\/"},{"@type":"ListItem","position":2,"name":"Productes"}]},{"@type":"WebSite","@id":"https:\/\/casanovahermanos.com\/ca\/#website","url":"https:\/\/casanovahermanos.com\/ca\/","name":"Casanova Hermanos","description":"Embotits tradicionals de la Vall de Camprodon","potentialAction":[{"@type":"SearchAction","target":{"@type":"EntryPoint","urlTemplate":"https:\/\/casanovahermanos.com\/ca\/?s={search_term_string}"},"query-input":"required name=search_term_string"}],"inLanguage":"ca"}]}},"_links":{"self":[{"href":"https:\/\/casanovahermanos.com\/ca\/wp-json\/wp\/v2\/pages\/11360","targetHints":{"allow":["GET"]}}],"collection":[{"href":"https:\/\/casanovahermanos.com\/ca\/wp-json\/wp\/v2\/pages"}],"about":[{"href":"https:\/\/casanovahermanos.com\/ca\/wp-json\/wp\/v2\/types\/page"}],"author":[{"embeddable":true,"href":"https:\/\/casanovahermanos.com\/ca\/wp-json\/wp\/v2\/users\/1"}],"replies":[{"embeddable":true,"href":"https:\/\/casanovahermanos.com\/ca\/wp-json\/wp\/v2\/comments?post=11360"}],"version-history":[{"count":76,"href":"https:\/\/casanovahermanos.com\/ca\/wp-json\/wp\/v2\/pages\/11360\/revisions"}],"predecessor-version":[{"id":12535,"href":"https:\/\/casanovahermanos.com\/ca\/wp-json\/wp\/v2\/pages\/11360\/revisions\/12535"}],"wp:attachment":[{"href":"https:\/\/casanovahermanos.com\/ca\/wp-json\/wp\/v2\/media?parent=11360"}],"curies":[{"name":"wp","href":"https:\/\/api.w.org\/{rel}","templated":true}]}}